{"id":81,"date":"2026-01-14T14:11:32","date_gmt":"2026-01-14T13:11:32","guid":{"rendered":"http:\/\/locagite-pays-basque.fr\/?page_id=81"},"modified":"2026-02-01T16:22:03","modified_gmt":"2026-02-01T15:22:03","slug":"mentions-legales","status":"publish","type":"page","link":"https:\/\/locagite-pays-basque.fr\/index.php\/mentions-legales\/","title":{"rendered":"Mentions l\u00e9gales"},"content":{"rendered":"[et_pb_section admin_label=\u00a0\u00bbsection\u00a0\u00bb]\n\t\t\t[et_pb_row admin_label=\u00a0\u00bbrow\u00a0\u00bb]\n\t\t\t\t[et_pb_column type=\u00a0\u00bb4_4&Prime;][et_pb_text admin_label=\u00a0\u00bbText\u00a0\u00bb]\n<h2 class=\"wp-block-heading\">Mentions r\u00e9glementaires et l\u00e9gales<\/h2>\n\n\n\n<p>Directeur de la publication : Isabelle Glotain<br>H\u00e9bergement web par OVH : 2 rue Kellermann \u2013 59100 Roubaix \u2013 France<br>Maintenance technique : Association Loi 1901 \u2013 Les Sens du Web \u2013 RNA : <strong>W641005329<\/strong><\/p>\n\n\n\n<p>Tout utilisateur du site Internet de Louharechenia est consid\u00e9r\u00e9 comme ayant accept\u00e9 l\u2019application des lois fran\u00e7aises actuellement en vigueur. Il est tenu de respecter les dispositions de la loi Informatique et libert\u00e9s dont la violation est passible de sanctions p\u00e9nales.<br>L\u2019ensemble des \u00e9l\u00e9ments composant ce site sont la propri\u00e9t\u00e9 exclusive de Louharechenia. Ce site est une \u0153uvre prot\u00e9g\u00e9e par la l\u00e9gislation sur la propri\u00e9t\u00e9 intellectuelle. Seule une utilisation \u00e0 des fins strictement personnelles est autoris\u00e9e. Tous les droits de reproduction sont r\u00e9serv\u00e9s, y compris pour les documents t\u00e9l\u00e9chargeables et les repr\u00e9sentations iconographiques et photographiques. La reproduction de tout ou partie de ce site sur quelque support que ce soit est formellement interdite sauf autorisation expresse de l\u2019\u00e9diteur du site. Droits de reproduction et de diffusion r\u00e9serv\u00e9s. Malgr\u00e9 tous les soins apport\u00e9s \u00e0 la r\u00e9alisation de ce site et \u00e0 son actualisation r\u00e9guli\u00e8re, des erreurs peuvent s\u2019\u00eatre gliss\u00e9es dans les informations et\/ou documents pr\u00e9sent\u00e9s. Les utilisateurs du site proc\u00e9deront donc \u00e0 toutes v\u00e9rifications utiles.<\/p>\n\n\n\n<h3 class=\"wp-block-heading\">Informatique et Libert\u00e9s<\/h3>\n\n\n\n<p>Conform\u00e9ment aux lois en vigueur, les informations collect\u00e9es par le biais de nos formulaires sont exclusivement communiqu\u00e9es \u00e0 l\u2019\u00e9diteur du site et ne sont communiqu\u00e9es \u00e0 aucun tiers. Les utilisateurs sont inform\u00e9s qu\u2019ils disposent d\u2019un droit d\u2019acc\u00e8s, de modification, de rectification et de suppression des donn\u00e9es qui les concernent (art. 34 et suivants de la loi du 06\/01\/78&nbsp; \u00bb Informatique et Libert\u00e9s). Pour excercer ce droit, il suffit d\u2019\u00e9crire au Directeur de la publication \u00e0 l\u2019adresse suivante : Louharechenia, Villefranque 64 990 en nous indiquant nom, pr\u00e9nom et adresse.<\/p>\n\n\n\n<h3 class=\"wp-block-heading\">Cookies et donn\u00e9es personnelles<\/h3>\n\n\n\n<p>Rappel :<\/p>\n\n\n\n<p>Les cookies sont des fichiers-textes souvent porteurs d\u2019un identifiant unique. Ils sont envoy\u00e9s par les serveurs web aux navigateurs web, puis retourn\u00e9s aux serveurs web d\u00e8s que les navigateurs demandent l\u2019acc\u00e8s \u00e0 une page web.<\/p>\n\n\n\n<p>Les serveurs web se servent des cookies pour identifier et suivre les utilisateurs lorsque ces derniers consultent diff\u00e9rentes pages d\u2019un site Internet, et pour rep\u00e9rer ceux qui acc\u00e8dent plusieurs fois au m\u00eame site Internet. Les cookies facilitent votre navigation et garantissent la s\u00e9curit\u00e9 des connexions.<br>Les cookies sont soit persistants, soit temporaires. Un cookie persistant est un fichier-texte envoy\u00e9 par un serveur web \u00e0 un navigateur web et stock\u00e9 par ce dernier. Un cookie persistant reste valide jusqu\u2019\u00e0 la date d\u2019expiration fix\u00e9e (\u00e0 moins que l\u2019utilisateur ne le supprime avant la date d\u2019expiration). Un cookie temporaire (ou dit de \u00ab session \u00bb) expire quant \u00e0 lui \u00e0 la fin de la session de l\u2019utilisateur, lors de la fermeture du navigateur web.<\/p>\n\n\n\n<p>Le site web locagite-pays-basque.fr utilise des cookies de session utilisateur (effa\u00e7able) et des cookies tiers (Google, OVH). Ces derniers ne sont pas de la responsabilit\u00e9 de l\u2019\u00e9diteur du pr\u00e9sent site web.<\/p>\n\n\n\n<p>Nota : La plupart des navigateurs permettent de refuser les cookies.<\/p>\n[\/et_pb_text][\/et_pb_column]\n\t\t\t[\/et_pb_row]\n\t\t[\/et_pb_section]","protected":false},"excerpt":{"rendered":"<p>Mentions r\u00e9glementaires et l\u00e9gales Directeur de la publication : Isabelle GlotainH\u00e9bergement web par OVH : 2 rue Kellermann \u2013 59100 Roubaix \u2013 FranceMaintenance technique : Association Loi 1901 \u2013 Les Sens du Web \u2013 RNA : W641005329 Tout utilisateur du site Internet de Louharechenia est consid\u00e9r\u00e9 comme ayant accept\u00e9 l\u2019application des lois fran\u00e7aises actuellement en vigueur. Il est tenu de respecter les dispositions de la loi Informatique et libert\u00e9s dont la violation est passible de sanctions p\u00e9nales.L\u2019ensemble des \u00e9l\u00e9ments composant ce site sont la propri\u00e9t\u00e9 exclusive de Louharechenia. Ce site est une \u0153uvre prot\u00e9g\u00e9e par la l\u00e9gislation sur la propri\u00e9t\u00e9 intellectuelle. Seule une utilisation \u00e0 des fins strictement personnelles est autoris\u00e9e. Tous les droits de reproduction sont r\u00e9serv\u00e9s, y compris pour les documents t\u00e9l\u00e9chargeables et les repr\u00e9sentations iconographiques et photographiques. La reproduction de tout ou partie de ce site sur quelque support que ce soit est formellement interdite sauf autorisation expresse de l\u2019\u00e9diteur du site. Droits de reproduction et de diffusion r\u00e9serv\u00e9s. Malgr\u00e9 tous les soins apport\u00e9s \u00e0 la r\u00e9alisation de ce site et \u00e0 son actualisation r\u00e9guli\u00e8re, des erreurs peuvent s\u2019\u00eatre gliss\u00e9es dans les informations et\/ou documents pr\u00e9sent\u00e9s. Les utilisateurs du site proc\u00e9deront donc \u00e0 toutes v\u00e9rifications utiles. Informatique [&hellip;]<\/p>\n","protected":false},"author":2,"featured_media":0,"parent":0,"menu_order":0,"comment_status":"closed","ping_status":"closed","template":"","meta":{"_et_pb_use_builder":"on","_et_pb_old_content":"<!-- wp:heading -->\n<h2 class=\"wp-block-heading\">Mentions r\u00e9glementaires et l\u00e9gales<\/h2>\n<!-- \/wp:heading -->\n\n<!-- wp:paragraph -->\n<p>Directeur de la publication : Isabelle Glotain<br>H\u00e9bergement web par OVH : 2 rue Kellermann \u2013 59100 Roubaix \u2013 France<br>Maintenance technique : Association Loi 1901 \u2013 Les Sens du Web \u2013 RNA : <strong>W641005329<\/strong><\/p>\n<!-- \/wp:paragraph -->\n\n<!-- wp:paragraph -->\n<p>Tout utilisateur du site Internet de Louharechenia est consid\u00e9r\u00e9 comme ayant accept\u00e9 l\u2019application des lois fran\u00e7aises actuellement en vigueur. Il est tenu de respecter les dispositions de la loi Informatique et libert\u00e9s dont la violation est passible de sanctions p\u00e9nales.<br>L\u2019ensemble des \u00e9l\u00e9ments composant ce site sont la propri\u00e9t\u00e9 exclusive de Louharechenia. Ce site est une \u0153uvre prot\u00e9g\u00e9e par la l\u00e9gislation sur la propri\u00e9t\u00e9 intellectuelle. Seule une utilisation \u00e0 des fins strictement personnelles est autoris\u00e9e. Tous les droits de reproduction sont r\u00e9serv\u00e9s, y compris pour les documents t\u00e9l\u00e9chargeables et les repr\u00e9sentations iconographiques et photographiques. La reproduction de tout ou partie de ce site sur quelque support que ce soit est formellement interdite sauf autorisation expresse de l\u2019\u00e9diteur du site. Droits de reproduction et de diffusion r\u00e9serv\u00e9s. Malgr\u00e9 tous les soins apport\u00e9s \u00e0 la r\u00e9alisation de ce site et \u00e0 son actualisation r\u00e9guli\u00e8re, des erreurs peuvent s\u2019\u00eatre gliss\u00e9es dans les informations et\/ou documents pr\u00e9sent\u00e9s. Les utilisateurs du site proc\u00e9deront donc \u00e0 toutes v\u00e9rifications utiles.<\/p>\n<!-- \/wp:paragraph -->\n\n<!-- wp:heading {\"level\":3} -->\n<h3 class=\"wp-block-heading\">Informatique et Libert\u00e9s<\/h3>\n<!-- \/wp:heading -->\n\n<!-- wp:paragraph -->\n<p>Conform\u00e9ment aux lois en vigueur, les informations collect\u00e9es par le biais de nos formulaires sont exclusivement communiqu\u00e9es \u00e0 l\u2019\u00e9diteur du site et ne sont communiqu\u00e9es \u00e0 aucun tiers. Les utilisateurs sont inform\u00e9s qu\u2019ils disposent d\u2019un droit d\u2019acc\u00e8s, de modification, de rectification et de suppression des donn\u00e9es qui les concernent (art. 34 et suivants de la loi du 06\/01\/78&nbsp; \u00bb Informatique et Libert\u00e9s). Pour excercer ce droit, il suffit d\u2019\u00e9crire au Directeur de la publication \u00e0 l\u2019adresse suivante : Louharechenia, Villefranque 64 990 en nous indiquant nom, pr\u00e9nom et adresse.<\/p>\n<!-- \/wp:paragraph -->\n\n<!-- wp:heading {\"level\":3} -->\n<h3 class=\"wp-block-heading\">Cookies et donn\u00e9es personnelles<\/h3>\n<!-- \/wp:heading -->\n\n<!-- wp:paragraph -->\n<p>Rappel :<\/p>\n<!-- \/wp:paragraph -->\n\n<!-- wp:paragraph -->\n<p>Les cookies sont des fichiers-textes souvent porteurs d\u2019un identifiant unique. Ils sont envoy\u00e9s par les serveurs web aux navigateurs web, puis retourn\u00e9s aux serveurs web d\u00e8s que les navigateurs demandent l\u2019acc\u00e8s \u00e0 une page web.<\/p>\n<!-- \/wp:paragraph -->\n\n<!-- wp:paragraph -->\n<p>Les serveurs web se servent des cookies pour identifier et suivre les utilisateurs lorsque ces derniers consultent diff\u00e9rentes pages d\u2019un site Internet, et pour rep\u00e9rer ceux qui acc\u00e8dent plusieurs fois au m\u00eame site Internet. Les cookies facilitent votre navigation et garantissent la s\u00e9curit\u00e9 des connexions.<br>Les cookies sont soit persistants, soit temporaires. Un cookie persistant est un fichier-texte envoy\u00e9 par un serveur web \u00e0 un navigateur web et stock\u00e9 par ce dernier. Un cookie persistant reste valide jusqu\u2019\u00e0 la date d\u2019expiration fix\u00e9e (\u00e0 moins que l\u2019utilisateur ne le supprime avant la date d\u2019expiration). Un cookie temporaire (ou dit de \u00ab session \u00bb) expire quant \u00e0 lui \u00e0 la fin de la session de l\u2019utilisateur, lors de la fermeture du navigateur web.<\/p>\n<!-- \/wp:paragraph -->\n\n<!-- wp:paragraph -->\n<p>Le site web locagite-pays-basque.fr utilise des cookies de session utilisateur (effa\u00e7able) et des cookies tiers (Google, OVH). Ces derniers ne sont pas de la responsabilit\u00e9 de l\u2019\u00e9diteur du pr\u00e9sent site web.<\/p>\n<!-- \/wp:paragraph -->\n\n<!-- wp:paragraph -->\n<p>Nota : La plupart des navigateurs permettent de refuser les cookies.<\/p>\n<!-- \/wp:paragraph -->","_et_gb_content_width":"1080","footnotes":""},"class_list":["post-81","page","type-page","status-publish","hentry"],"yoast_head":"<!-- This site is optimized with the Yoast SEO plugin v27.5 - https:\/\/yoast.com\/product\/yoast-seo-wordpress\/ -->\n<title>Mentions l\u00e9gales % - WordPress<\/title>\n<meta name=\"robots\" content=\"index, follow, max-snippet:-1, max-image-preview:large, max-video-preview:-1\" \/>\n<link rel=\"canonical\" href=\"https:\/\/locagite-pays-basque.fr\/index.php\/mentions-legales\/\" \/>\n<meta property=\"og:locale\" content=\"fr_FR\" \/>\n<meta property=\"og:type\" content=\"article\" \/>\n<meta property=\"og:title\" content=\"Mentions l\u00e9gales % - WordPress\" \/>\n<meta property=\"og:description\" content=\"Mentions r\u00e9glementaires et l\u00e9gales Directeur de la publication : Isabelle GlotainH\u00e9bergement web par OVH : 2 rue Kellermann \u2013 59100 Roubaix \u2013 FranceMaintenance technique : Association Loi 1901 \u2013 Les Sens du Web \u2013 RNA : W641005329 Tout utilisateur du site Internet de Louharechenia est consid\u00e9r\u00e9 comme ayant accept\u00e9 l\u2019application des lois fran\u00e7aises actuellement en vigueur. Il est tenu de respecter les dispositions de la loi Informatique et libert\u00e9s dont la violation est passible de sanctions p\u00e9nales.L\u2019ensemble des \u00e9l\u00e9ments composant ce site sont la propri\u00e9t\u00e9 exclusive de Louharechenia. Ce site est une \u0153uvre prot\u00e9g\u00e9e par la l\u00e9gislation sur la propri\u00e9t\u00e9 intellectuelle. Seule une utilisation \u00e0 des fins strictement personnelles est autoris\u00e9e. Tous les droits de reproduction sont r\u00e9serv\u00e9s, y compris pour les documents t\u00e9l\u00e9chargeables et les repr\u00e9sentations iconographiques et photographiques. La reproduction de tout ou partie de ce site sur quelque support que ce soit est formellement interdite sauf autorisation expresse de l\u2019\u00e9diteur du site. Droits de reproduction et de diffusion r\u00e9serv\u00e9s. Malgr\u00e9 tous les soins apport\u00e9s \u00e0 la r\u00e9alisation de ce site et \u00e0 son actualisation r\u00e9guli\u00e8re, des erreurs peuvent s\u2019\u00eatre gliss\u00e9es dans les informations et\/ou documents pr\u00e9sent\u00e9s. Les utilisateurs du site proc\u00e9deront donc \u00e0 toutes v\u00e9rifications utiles. Informatique [&hellip;]\" \/>\n<meta property=\"og:url\" content=\"https:\/\/locagite-pays-basque.fr\/index.php\/mentions-legales\/\" \/>\n<meta property=\"og:site_name\" content=\"WordPress\" \/>\n<meta property=\"article:modified_time\" content=\"2026-02-01T15:22:03+00:00\" \/>\n<meta property=\"og:image\" content=\"https:\/\/locagite-pays-basque.fr\/wp-content\/uploads\/2026\/04\/Photo-profile-Facebook.jpg\" \/>\n\t<meta property=\"og:image:width\" content=\"714\" \/>\n\t<meta property=\"og:image:height\" content=\"714\" \/>\n\t<meta property=\"og:image:type\" content=\"image\/jpeg\" \/>\n<meta name=\"twitter:card\" content=\"summary_large_image\" \/>\n<meta name=\"twitter:label1\" content=\"Dur\u00e9e de lecture estim\u00e9e\" \/>\n\t<meta name=\"twitter:data1\" content=\"3 minutes\" \/>\n<script type=\"application\/ld+json\" class=\"yoast-schema-graph\">{\"@context\":\"https:\\\/\\\/schema.org\",\"@graph\":[{\"@type\":\"WebPage\",\"@id\":\"https:\\\/\\\/locagite-pays-basque.fr\\\/index.php\\\/mentions-legales\\\/\",\"url\":\"https:\\\/\\\/locagite-pays-basque.fr\\\/index.php\\\/mentions-legales\\\/\",\"name\":\"Mentions l\u00e9gales % - WordPress\",\"isPartOf\":{\"@id\":\"https:\\\/\\\/locagite-pays-basque.fr\\\/#website\"},\"datePublished\":\"2026-01-14T13:11:32+00:00\",\"dateModified\":\"2026-02-01T15:22:03+00:00\",\"breadcrumb\":{\"@id\":\"https:\\\/\\\/locagite-pays-basque.fr\\\/index.php\\\/mentions-legales\\\/#breadcrumb\"},\"inLanguage\":\"fr-FR\",\"potentialAction\":[{\"@type\":\"ReadAction\",\"target\":[\"https:\\\/\\\/locagite-pays-basque.fr\\\/index.php\\\/mentions-legales\\\/\"]}]},{\"@type\":\"BreadcrumbList\",\"@id\":\"https:\\\/\\\/locagite-pays-basque.fr\\\/index.php\\\/mentions-legales\\\/#breadcrumb\",\"itemListElement\":[{\"@type\":\"ListItem\",\"position\":1,\"name\":\"Accueil\",\"item\":\"https:\\\/\\\/locagite-pays-basque.fr\\\/\"},{\"@type\":\"ListItem\",\"position\":2,\"name\":\"Mentions l\u00e9gales\"}]},{\"@type\":\"WebSite\",\"@id\":\"https:\\\/\\\/locagite-pays-basque.fr\\\/#website\",\"url\":\"https:\\\/\\\/locagite-pays-basque.fr\\\/\",\"name\":\"Location g\u00eete Pays Basque\",\"description\":\"\",\"publisher\":{\"@id\":\"https:\\\/\\\/locagite-pays-basque.fr\\\/#organization\"},\"potentialAction\":[{\"@type\":\"SearchAction\",\"target\":{\"@type\":\"EntryPoint\",\"urlTemplate\":\"https:\\\/\\\/locagite-pays-basque.fr\\\/?s={search_term_string}\"},\"query-input\":{\"@type\":\"PropertyValueSpecification\",\"valueRequired\":true,\"valueName\":\"search_term_string\"}}],\"inLanguage\":\"fr-FR\"},{\"@type\":\"Organization\",\"@id\":\"https:\\\/\\\/locagite-pays-basque.fr\\\/#organization\",\"name\":\"Location g\u00eete Pays Basque\",\"url\":\"https:\\\/\\\/locagite-pays-basque.fr\\\/\",\"logo\":{\"@type\":\"ImageObject\",\"inLanguage\":\"fr-FR\",\"@id\":\"https:\\\/\\\/locagite-pays-basque.fr\\\/#\\\/schema\\\/logo\\\/image\\\/\",\"url\":\"https:\\\/\\\/locagite-pays-basque.fr\\\/wp-content\\\/uploads\\\/2026\\\/04\\\/Photo-profile-Facebook.jpg\",\"contentUrl\":\"https:\\\/\\\/locagite-pays-basque.fr\\\/wp-content\\\/uploads\\\/2026\\\/04\\\/Photo-profile-Facebook.jpg\",\"width\":714,\"height\":714,\"caption\":\"Location g\u00eete Pays Basque\"},\"image\":{\"@id\":\"https:\\\/\\\/locagite-pays-basque.fr\\\/#\\\/schema\\\/logo\\\/image\\\/\"}}]}<\/script>\n<!-- \/ Yoast SEO plugin. -->","yoast_head_json":{"title":"Mentions l\u00e9gales % - WordPress","robots":{"index":"index","follow":"follow","max-snippet":"max-snippet:-1","max-image-preview":"max-image-preview:large","max-video-preview":"max-video-preview:-1"},"canonical":"https:\/\/locagite-pays-basque.fr\/index.php\/mentions-legales\/","og_locale":"fr_FR","og_type":"article","og_title":"Mentions l\u00e9gales % - WordPress","og_description":"Mentions r\u00e9glementaires et l\u00e9gales Directeur de la publication : Isabelle GlotainH\u00e9bergement web par OVH : 2 rue Kellermann \u2013 59100 Roubaix \u2013 FranceMaintenance technique : Association Loi 1901 \u2013 Les Sens du Web \u2013 RNA : W641005329 Tout utilisateur du site Internet de Louharechenia est consid\u00e9r\u00e9 comme ayant accept\u00e9 l\u2019application des lois fran\u00e7aises actuellement en vigueur. Il est tenu de respecter les dispositions de la loi Informatique et libert\u00e9s dont la violation est passible de sanctions p\u00e9nales.L\u2019ensemble des \u00e9l\u00e9ments composant ce site sont la propri\u00e9t\u00e9 exclusive de Louharechenia. Ce site est une \u0153uvre prot\u00e9g\u00e9e par la l\u00e9gislation sur la propri\u00e9t\u00e9 intellectuelle. Seule une utilisation \u00e0 des fins strictement personnelles est autoris\u00e9e. Tous les droits de reproduction sont r\u00e9serv\u00e9s, y compris pour les documents t\u00e9l\u00e9chargeables et les repr\u00e9sentations iconographiques et photographiques. La reproduction de tout ou partie de ce site sur quelque support que ce soit est formellement interdite sauf autorisation expresse de l\u2019\u00e9diteur du site. Droits de reproduction et de diffusion r\u00e9serv\u00e9s. Malgr\u00e9 tous les soins apport\u00e9s \u00e0 la r\u00e9alisation de ce site et \u00e0 son actualisation r\u00e9guli\u00e8re, des erreurs peuvent s\u2019\u00eatre gliss\u00e9es dans les informations et\/ou documents pr\u00e9sent\u00e9s. Les utilisateurs du site proc\u00e9deront donc \u00e0 toutes v\u00e9rifications utiles. Informatique [&hellip;]","og_url":"https:\/\/locagite-pays-basque.fr\/index.php\/mentions-legales\/","og_site_name":"WordPress","article_modified_time":"2026-02-01T15:22:03+00:00","og_image":[{"width":714,"height":714,"url":"https:\/\/locagite-pays-basque.fr\/wp-content\/uploads\/2026\/04\/Photo-profile-Facebook.jpg","type":"image\/jpeg"}],"twitter_card":"summary_large_image","twitter_misc":{"Dur\u00e9e de lecture estim\u00e9e":"3 minutes"},"schema":{"@context":"https:\/\/schema.org","@graph":[{"@type":"WebPage","@id":"https:\/\/locagite-pays-basque.fr\/index.php\/mentions-legales\/","url":"https:\/\/locagite-pays-basque.fr\/index.php\/mentions-legales\/","name":"Mentions l\u00e9gales % - WordPress","isPartOf":{"@id":"https:\/\/locagite-pays-basque.fr\/#website"},"datePublished":"2026-01-14T13:11:32+00:00","dateModified":"2026-02-01T15:22:03+00:00","breadcrumb":{"@id":"https:\/\/locagite-pays-basque.fr\/index.php\/mentions-legales\/#breadcrumb"},"inLanguage":"fr-FR","potentialAction":[{"@type":"ReadAction","target":["https:\/\/locagite-pays-basque.fr\/index.php\/mentions-legales\/"]}]},{"@type":"BreadcrumbList","@id":"https:\/\/locagite-pays-basque.fr\/index.php\/mentions-legales\/#breadcrumb","itemListElement":[{"@type":"ListItem","position":1,"name":"Accueil","item":"https:\/\/locagite-pays-basque.fr\/"},{"@type":"ListItem","position":2,"name":"Mentions l\u00e9gales"}]},{"@type":"WebSite","@id":"https:\/\/locagite-pays-basque.fr\/#website","url":"https:\/\/locagite-pays-basque.fr\/","name":"Location g\u00eete Pays Basque","description":"","publisher":{"@id":"https:\/\/locagite-pays-basque.fr\/#organization"},"potentialAction":[{"@type":"SearchAction","target":{"@type":"EntryPoint","urlTemplate":"https:\/\/locagite-pays-basque.fr\/?s={search_term_string}"},"query-input":{"@type":"PropertyValueSpecification","valueRequired":true,"valueName":"search_term_string"}}],"inLanguage":"fr-FR"},{"@type":"Organization","@id":"https:\/\/locagite-pays-basque.fr\/#organization","name":"Location g\u00eete Pays Basque","url":"https:\/\/locagite-pays-basque.fr\/","logo":{"@type":"ImageObject","inLanguage":"fr-FR","@id":"https:\/\/locagite-pays-basque.fr\/#\/schema\/logo\/image\/","url":"https:\/\/locagite-pays-basque.fr\/wp-content\/uploads\/2026\/04\/Photo-profile-Facebook.jpg","contentUrl":"https:\/\/locagite-pays-basque.fr\/wp-content\/uploads\/2026\/04\/Photo-profile-Facebook.jpg","width":714,"height":714,"caption":"Location g\u00eete Pays Basque"},"image":{"@id":"https:\/\/locagite-pays-basque.fr\/#\/schema\/logo\/image\/"}}]}},"_links":{"self":[{"href":"https:\/\/locagite-pays-basque.fr\/index.php\/wp-json\/wp\/v2\/pages\/81","targetHints":{"allow":["GET"]}}],"collection":[{"href":"https:\/\/locagite-pays-basque.fr\/index.php\/wp-json\/wp\/v2\/pages"}],"about":[{"href":"https:\/\/locagite-pays-basque.fr\/index.php\/wp-json\/wp\/v2\/types\/page"}],"author":[{"embeddable":true,"href":"https:\/\/locagite-pays-basque.fr\/index.php\/wp-json\/wp\/v2\/users\/2"}],"replies":[{"embeddable":true,"href":"https:\/\/locagite-pays-basque.fr\/index.php\/wp-json\/wp\/v2\/comments?post=81"}],"version-history":[{"count":3,"href":"https:\/\/locagite-pays-basque.fr\/index.php\/wp-json\/wp\/v2\/pages\/81\/revisions"}],"predecessor-version":[{"id":358,"href":"https:\/\/locagite-pays-basque.fr\/index.php\/wp-json\/wp\/v2\/pages\/81\/revisions\/358"}],"wp:attachment":[{"href":"https:\/\/locagite-pays-basque.fr\/index.php\/wp-json\/wp\/v2\/media?parent=81"}],"curies":[{"name":"wp","href":"https:\/\/api.w.org\/{rel}","templated":true}]}}