{"id":27,"date":"2026-01-14T09:53:09","date_gmt":"2026-01-14T08:53:09","guid":{"rendered":"http:\/\/locagite-pays-basque.fr\/?page_id=27"},"modified":"2026-02-01T15:36:07","modified_gmt":"2026-02-01T14:36:07","slug":"pratique-activites-pays-basque","status":"publish","type":"page","link":"https:\/\/locagite-pays-basque.fr\/index.php\/pratique-activites-pays-basque\/","title":{"rendered":"Pratique"},"content":{"rendered":"<p>[et_pb_section fb_built=\u00a0\u00bb1&Prime; _builder_version=\u00a0\u00bb4.27.5&Prime; _module_preset=\u00a0\u00bbdefault\u00a0\u00bb background_image=\u00a0\u00bbhttps:\/\/locagite-pays-basque.fr\/wp-content\/uploads\/2026\/02\/Randonnee-GR10-Ainhoa-001-\u00a9AADT64-Gaillard-Munsch.jpg\u00a0\u00bb global_colors_info=\u00a0\u00bb{}\u00a0\u00bb][et_pb_row _builder_version=\u00a0\u00bb4.27.5&Prime; _module_preset=\u00a0\u00bbdefault\u00a0\u00bb global_colors_info=\u00a0\u00bb{}\u00a0\u00bb][et_pb_column type=\u00a0\u00bb4_4&Prime; _builder_version=\u00a0\u00bb4.27.5&Prime; _module_preset=\u00a0\u00bbdefault\u00a0\u00bb global_colors_info=\u00a0\u00bb{}\u00a0\u00bb][et_pb_divider show_divider=\u00a0\u00bboff\u00a0\u00bb _builder_version=\u00a0\u00bb4.27.5&Prime; _module_preset=\u00a0\u00bbdefault\u00a0\u00bb height=\u00a0\u00bb245px\u00a0\u00bb global_colors_info=\u00a0\u00bb{}\u00a0\u00bb][\/et_pb_divider][\/et_pb_column][\/et_pb_row][\/et_pb_section][et_pb_section fb_built=\u00a0\u00bb1&Prime; _builder_version=\u00a0\u00bb4.27.5&Prime; _module_preset=\u00a0\u00bbdefault\u00a0\u00bb bottom_divider_style=\u00a0\u00bbcurve\u00a0\u00bb bottom_divider_color=\u00a0\u00bb#0D5910&Prime; bottom_divider_height=\u00a0\u00bb50px\u00a0\u00bb global_colors_info=\u00a0\u00bb{}\u00a0\u00bb][et_pb_row _builder_version=\u00a0\u00bb4.27.5&Prime; _module_preset=\u00a0\u00bbdefault\u00a0\u00bb global_colors_info=\u00a0\u00bb{}\u00a0\u00bb][et_pb_column type=\u00a0\u00bb4_4&Prime; _builder_version=\u00a0\u00bb4.27.5&Prime; _module_preset=\u00a0\u00bbdefault\u00a0\u00bb global_colors_info=\u00a0\u00bb{}\u00a0\u00bb][et_pb_text _builder_version=\u00a0\u00bb4.27.5&Prime; _module_preset=\u00a0\u00bbdefault\u00a0\u00bb header_text_align=\u00a0\u00bbcenter\u00a0\u00bb global_colors_info=\u00a0\u00bb{}\u00a0\u00bb]<\/p>\n<h1>Quelques id\u00e9es de visites autour de Villefranque<\/h1>\n<p>[\/et_pb_text][et_pb_text _builder_version=\u00a0\u00bb4.27.5&Prime; _module_preset=\u00a0\u00bbdefault\u00a0\u00bb global_colors_info=\u00a0\u00bb{}\u00a0\u00bb]<\/p>\n<p style=\"text-align: center;\"><a href=\"https:\/\/www.paysbasque.net\/\" target=\"_blank\" rel=\"noopener\"><strong>Cliquez-ici<\/strong> <\/a>pour encore plus d&rsquo;id\u00e9es pour d\u00e9couvrir notre r\u00e9gion<\/p>\n<p>[\/et_pb_text][\/et_pb_column][\/et_pb_row][et_pb_row use_custom_gutter=\u00a0\u00bbon\u00a0\u00bb custom_padding_last_edited=\u00a0\u00bbon|desktop\u00a0\u00bb _builder_version=\u00a0\u00bb4.27.5&Prime; _module_preset=\u00a0\u00bbdefault\u00a0\u00bb width=\u00a0\u00bb100%\u00a0\u00bb max_width=\u00a0\u00bb1278px\u00a0\u00bb custom_padding_tablet=\u00a0\u00bb\u00a0\u00bb custom_padding_phone=\u00a0\u00bb|||20px|false|false\u00a0\u00bb global_colors_info=\u00a0\u00bb{}\u00a0\u00bb][et_pb_column type=\u00a0\u00bb4_4&Prime; _builder_version=\u00a0\u00bb4.27.5&Prime; _module_preset=\u00a0\u00bbdefault\u00a0\u00bb global_colors_info=\u00a0\u00bb{}\u00a0\u00bb][et_pb_gallery gallery_ids=\u00a0\u00bb107,110,109,117&Prime; show_pagination=\u00a0\u00bboff\u00a0\u00bb zoom_icon_color=\u00a0\u00bbRGBA(255,255,255,0)\u00a0\u00bb hover_overlay_color=\u00a0\u00bbRGBA(255,255,255,0)\u00a0\u00bb _builder_version=\u00a0\u00bb4.27.5&Prime; _module_preset=\u00a0\u00bbdefault\u00a0\u00bb hover_enabled=\u00a0\u00bb0&Prime; global_colors_info=\u00a0\u00bb{}\u00a0\u00bb text_orientation=\u00a0\u00bbcenter\u00a0\u00bb sticky_enabled=\u00a0\u00bb0&Prime;][\/et_pb_gallery][et_pb_gallery gallery_ids=\u00a0\u00bb111,112&Prime; posts_number=\u00a0\u00bb2&Prime; zoom_icon_color=\u00a0\u00bbRGBA(255,255,255,0)\u00a0\u00bb hover_overlay_color=\u00a0\u00bbRGBA(255,255,255,0)\u00a0\u00bb _builder_version=\u00a0\u00bb4.27.5&Prime; _module_preset=\u00a0\u00bbdefault\u00a0\u00bb hover_enabled=\u00a0\u00bb0&Prime; global_colors_info=\u00a0\u00bb{}\u00a0\u00bb text_orientation=\u00a0\u00bbcenter\u00a0\u00bb sticky_enabled=\u00a0\u00bb0&Prime;][\/et_pb_gallery][et_pb_gallery gallery_ids=\u00a0\u00bb116,115,114,113&Prime; zoom_icon_color=\u00a0\u00bbRGBA(255,255,255,0)\u00a0\u00bb hover_overlay_color=\u00a0\u00bbRGBA(255,255,255,0)\u00a0\u00bb _builder_version=\u00a0\u00bb4.27.5&Prime; _module_preset=\u00a0\u00bbdefault\u00a0\u00bb hover_enabled=\u00a0\u00bb0&Prime; global_colors_info=\u00a0\u00bb{}\u00a0\u00bb text_orientation=\u00a0\u00bbcenter\u00a0\u00bb sticky_enabled=\u00a0\u00bb0&Prime;][\/et_pb_gallery][\/et_pb_column][\/et_pb_row][\/et_pb_section][et_pb_section fb_built=\u00a0\u00bb1&Prime; _builder_version=\u00a0\u00bb4.27.5&Prime; _module_preset=\u00a0\u00bbdefault\u00a0\u00bb global_colors_info=\u00a0\u00bb{}\u00a0\u00bb][et_pb_row _builder_version=\u00a0\u00bb4.27.5&Prime; _module_preset=\u00a0\u00bbdefault\u00a0\u00bb global_colors_info=\u00a0\u00bb{}\u00a0\u00bb][et_pb_column type=\u00a0\u00bb4_4&Prime; _builder_version=\u00a0\u00bb4.27.5&Prime; _module_preset=\u00a0\u00bbdefault\u00a0\u00bb global_colors_info=\u00a0\u00bb{}\u00a0\u00bb][et_pb_text _builder_version=\u00a0\u00bb4.27.5&Prime; _module_preset=\u00a0\u00bbdefault\u00a0\u00bb global_colors_info=\u00a0\u00bb{}\u00a0\u00bb]<\/p>\n<h2 style=\"text-align: center;\">Quelques id\u00e9es d&rsquo;activit\u00e9s au Pays Basque<\/h2>\n<p>[\/et_pb_text][\/et_pb_column][\/et_pb_row][et_pb_row _builder_version=\u00a0\u00bb4.27.5&Prime; _module_preset=\u00a0\u00bbdefault\u00a0\u00bb hover_enabled=\u00a0\u00bb0&Prime; global_colors_info=\u00a0\u00bb{}\u00a0\u00bb sticky_enabled=\u00a0\u00bb0&Prime;][et_pb_column _builder_version=\u00a0\u00bb4.27.5&Prime; _module_preset=\u00a0\u00bbdefault\u00a0\u00bb type=\u00a0\u00bb4_4&Prime;][et_pb_gallery gallery_ids=\u00a0\u00bb135,137,136,138&Prime; zoom_icon_color=\u00a0\u00bbRGBA(255,255,255,0)\u00a0\u00bb hover_overlay_color=\u00a0\u00bbRGBA(255,255,255,0)\u00a0\u00bb _builder_version=\u00a0\u00bb4.27.5&Prime; _module_preset=\u00a0\u00bbdefault\u00a0\u00bb hover_enabled=\u00a0\u00bb0&Prime; global_colors_info=\u00a0\u00bb{}\u00a0\u00bb text_orientation=\u00a0\u00bbcenter\u00a0\u00bb sticky_enabled=\u00a0\u00bb0&Prime;][\/et_pb_gallery][\/et_pb_column][\/et_pb_row][\/et_pb_section]<\/p>\n","protected":false},"excerpt":{"rendered":"<p>Quelques id\u00e9es de visites autour de VillefranqueCliquez-ici pour encore plus d&rsquo;id\u00e9es pour d\u00e9couvrir notre r\u00e9gionQuelques id\u00e9es d&rsquo;activit\u00e9s au Pays Basque<\/p>\n","protected":false},"author":2,"featured_media":0,"parent":0,"menu_order":0,"comment_status":"closed","ping_status":"closed","template":"","meta":{"_et_pb_use_builder":"on","_et_pb_old_content":"<!-- wp:divi\/placeholder \/-->","_et_gb_content_width":"","footnotes":""},"class_list":["post-27","page","type-page","status-publish","hentry"],"yoast_head":"<!-- This site is optimized with the Yoast SEO plugin v27.5 - https:\/\/yoast.com\/product\/yoast-seo-wordpress\/ -->\n<title>Pratique - Pays Basque - Landes<\/title>\n<meta name=\"description\" content=\"De nombreuses activit\u00e9s vous attendent au Pays Basque et dans les Landes. Visites culturelles ou activit\u00e9 physique, il y en pour tout le monde.\" \/>\n<meta name=\"robots\" content=\"index, follow, max-snippet:-1, max-image-preview:large, max-video-preview:-1\" \/>\n<link rel=\"canonical\" href=\"https:\/\/locagite-pays-basque.fr\/index.php\/pratique-activites-pays-basque\/\" \/>\n<meta property=\"og:locale\" content=\"fr_FR\" \/>\n<meta property=\"og:type\" content=\"article\" \/>\n<meta property=\"og:title\" content=\"Pratique - Pays Basque - Landes\" \/>\n<meta property=\"og:description\" content=\"De nombreuses activit\u00e9s vous attendent au Pays Basque et dans les Landes. Visites culturelles ou activit\u00e9 physique, il y en pour tout le monde.\" \/>\n<meta property=\"og:url\" content=\"https:\/\/locagite-pays-basque.fr\/index.php\/pratique-activites-pays-basque\/\" \/>\n<meta property=\"og:site_name\" content=\"WordPress\" \/>\n<meta property=\"article:modified_time\" content=\"2026-02-01T14:36:07+00:00\" \/>\n<meta property=\"og:image\" content=\"https:\/\/locagite-pays-basque.fr\/wp-content\/uploads\/2026\/04\/Photo-profile-Facebook.jpg\" \/>\n\t<meta property=\"og:image:width\" content=\"714\" \/>\n\t<meta property=\"og:image:height\" content=\"714\" \/>\n\t<meta property=\"og:image:type\" content=\"image\/jpeg\" \/>\n<meta name=\"twitter:card\" content=\"summary_large_image\" \/>\n<meta name=\"twitter:label1\" content=\"Dur\u00e9e de lecture estim\u00e9e\" \/>\n\t<meta name=\"twitter:data1\" content=\"4 minutes\" \/>\n<script type=\"application\/ld+json\" class=\"yoast-schema-graph\">{\"@context\":\"https:\\\/\\\/schema.org\",\"@graph\":[{\"@type\":\"WebPage\",\"@id\":\"https:\\\/\\\/locagite-pays-basque.fr\\\/index.php\\\/pratique-activites-pays-basque\\\/\",\"url\":\"https:\\\/\\\/locagite-pays-basque.fr\\\/index.php\\\/pratique-activites-pays-basque\\\/\",\"name\":\"Pratique - Pays Basque - Landes\",\"isPartOf\":{\"@id\":\"https:\\\/\\\/locagite-pays-basque.fr\\\/#website\"},\"datePublished\":\"2026-01-14T08:53:09+00:00\",\"dateModified\":\"2026-02-01T14:36:07+00:00\",\"description\":\"De nombreuses activit\u00e9s vous attendent au Pays Basque et dans les Landes. Visites culturelles ou activit\u00e9 physique, il y en pour tout le monde.\",\"breadcrumb\":{\"@id\":\"https:\\\/\\\/locagite-pays-basque.fr\\\/index.php\\\/pratique-activites-pays-basque\\\/#breadcrumb\"},\"inLanguage\":\"fr-FR\",\"potentialAction\":[{\"@type\":\"ReadAction\",\"target\":[\"https:\\\/\\\/locagite-pays-basque.fr\\\/index.php\\\/pratique-activites-pays-basque\\\/\"]}]},{\"@type\":\"BreadcrumbList\",\"@id\":\"https:\\\/\\\/locagite-pays-basque.fr\\\/index.php\\\/pratique-activites-pays-basque\\\/#breadcrumb\",\"itemListElement\":[{\"@type\":\"ListItem\",\"position\":1,\"name\":\"Accueil\",\"item\":\"https:\\\/\\\/locagite-pays-basque.fr\\\/\"},{\"@type\":\"ListItem\",\"position\":2,\"name\":\"Pratique\"}]},{\"@type\":\"WebSite\",\"@id\":\"https:\\\/\\\/locagite-pays-basque.fr\\\/#website\",\"url\":\"https:\\\/\\\/locagite-pays-basque.fr\\\/\",\"name\":\"Location g\u00eete Pays Basque\",\"description\":\"\",\"publisher\":{\"@id\":\"https:\\\/\\\/locagite-pays-basque.fr\\\/#organization\"},\"potentialAction\":[{\"@type\":\"SearchAction\",\"target\":{\"@type\":\"EntryPoint\",\"urlTemplate\":\"https:\\\/\\\/locagite-pays-basque.fr\\\/?s={search_term_string}\"},\"query-input\":{\"@type\":\"PropertyValueSpecification\",\"valueRequired\":true,\"valueName\":\"search_term_string\"}}],\"inLanguage\":\"fr-FR\"},{\"@type\":\"Organization\",\"@id\":\"https:\\\/\\\/locagite-pays-basque.fr\\\/#organization\",\"name\":\"Location g\u00eete Pays Basque\",\"url\":\"https:\\\/\\\/locagite-pays-basque.fr\\\/\",\"logo\":{\"@type\":\"ImageObject\",\"inLanguage\":\"fr-FR\",\"@id\":\"https:\\\/\\\/locagite-pays-basque.fr\\\/#\\\/schema\\\/logo\\\/image\\\/\",\"url\":\"https:\\\/\\\/locagite-pays-basque.fr\\\/wp-content\\\/uploads\\\/2026\\\/04\\\/Photo-profile-Facebook.jpg\",\"contentUrl\":\"https:\\\/\\\/locagite-pays-basque.fr\\\/wp-content\\\/uploads\\\/2026\\\/04\\\/Photo-profile-Facebook.jpg\",\"width\":714,\"height\":714,\"caption\":\"Location g\u00eete Pays Basque\"},\"image\":{\"@id\":\"https:\\\/\\\/locagite-pays-basque.fr\\\/#\\\/schema\\\/logo\\\/image\\\/\"}}]}<\/script>\n<!-- \/ Yoast SEO plugin. -->","yoast_head_json":{"title":"Pratique - Pays Basque - Landes","description":"De nombreuses activit\u00e9s vous attendent au Pays Basque et dans les Landes. Visites culturelles ou activit\u00e9 physique, il y en pour tout le monde.","robots":{"index":"index","follow":"follow","max-snippet":"max-snippet:-1","max-image-preview":"max-image-preview:large","max-video-preview":"max-video-preview:-1"},"canonical":"https:\/\/locagite-pays-basque.fr\/index.php\/pratique-activites-pays-basque\/","og_locale":"fr_FR","og_type":"article","og_title":"Pratique - Pays Basque - Landes","og_description":"De nombreuses activit\u00e9s vous attendent au Pays Basque et dans les Landes. Visites culturelles ou activit\u00e9 physique, il y en pour tout le monde.","og_url":"https:\/\/locagite-pays-basque.fr\/index.php\/pratique-activites-pays-basque\/","og_site_name":"WordPress","article_modified_time":"2026-02-01T14:36:07+00:00","og_image":[{"width":714,"height":714,"url":"https:\/\/locagite-pays-basque.fr\/wp-content\/uploads\/2026\/04\/Photo-profile-Facebook.jpg","type":"image\/jpeg"}],"twitter_card":"summary_large_image","twitter_misc":{"Dur\u00e9e de lecture estim\u00e9e":"4 minutes"},"schema":{"@context":"https:\/\/schema.org","@graph":[{"@type":"WebPage","@id":"https:\/\/locagite-pays-basque.fr\/index.php\/pratique-activites-pays-basque\/","url":"https:\/\/locagite-pays-basque.fr\/index.php\/pratique-activites-pays-basque\/","name":"Pratique - Pays Basque - Landes","isPartOf":{"@id":"https:\/\/locagite-pays-basque.fr\/#website"},"datePublished":"2026-01-14T08:53:09+00:00","dateModified":"2026-02-01T14:36:07+00:00","description":"De nombreuses activit\u00e9s vous attendent au Pays Basque et dans les Landes. Visites culturelles ou activit\u00e9 physique, il y en pour tout le monde.","breadcrumb":{"@id":"https:\/\/locagite-pays-basque.fr\/index.php\/pratique-activites-pays-basque\/#breadcrumb"},"inLanguage":"fr-FR","potentialAction":[{"@type":"ReadAction","target":["https:\/\/locagite-pays-basque.fr\/index.php\/pratique-activites-pays-basque\/"]}]},{"@type":"BreadcrumbList","@id":"https:\/\/locagite-pays-basque.fr\/index.php\/pratique-activites-pays-basque\/#breadcrumb","itemListElement":[{"@type":"ListItem","position":1,"name":"Accueil","item":"https:\/\/locagite-pays-basque.fr\/"},{"@type":"ListItem","position":2,"name":"Pratique"}]},{"@type":"WebSite","@id":"https:\/\/locagite-pays-basque.fr\/#website","url":"https:\/\/locagite-pays-basque.fr\/","name":"Location g\u00eete Pays Basque","description":"","publisher":{"@id":"https:\/\/locagite-pays-basque.fr\/#organization"},"potentialAction":[{"@type":"SearchAction","target":{"@type":"EntryPoint","urlTemplate":"https:\/\/locagite-pays-basque.fr\/?s={search_term_string}"},"query-input":{"@type":"PropertyValueSpecification","valueRequired":true,"valueName":"search_term_string"}}],"inLanguage":"fr-FR"},{"@type":"Organization","@id":"https:\/\/locagite-pays-basque.fr\/#organization","name":"Location g\u00eete Pays Basque","url":"https:\/\/locagite-pays-basque.fr\/","logo":{"@type":"ImageObject","inLanguage":"fr-FR","@id":"https:\/\/locagite-pays-basque.fr\/#\/schema\/logo\/image\/","url":"https:\/\/locagite-pays-basque.fr\/wp-content\/uploads\/2026\/04\/Photo-profile-Facebook.jpg","contentUrl":"https:\/\/locagite-pays-basque.fr\/wp-content\/uploads\/2026\/04\/Photo-profile-Facebook.jpg","width":714,"height":714,"caption":"Location g\u00eete Pays Basque"},"image":{"@id":"https:\/\/locagite-pays-basque.fr\/#\/schema\/logo\/image\/"}}]}},"_links":{"self":[{"href":"https:\/\/locagite-pays-basque.fr\/index.php\/wp-json\/wp\/v2\/pages\/27","targetHints":{"allow":["GET"]}}],"collection":[{"href":"https:\/\/locagite-pays-basque.fr\/index.php\/wp-json\/wp\/v2\/pages"}],"about":[{"href":"https:\/\/locagite-pays-basque.fr\/index.php\/wp-json\/wp\/v2\/types\/page"}],"author":[{"embeddable":true,"href":"https:\/\/locagite-pays-basque.fr\/index.php\/wp-json\/wp\/v2\/users\/2"}],"replies":[{"embeddable":true,"href":"https:\/\/locagite-pays-basque.fr\/index.php\/wp-json\/wp\/v2\/comments?post=27"}],"version-history":[{"count":23,"href":"https:\/\/locagite-pays-basque.fr\/index.php\/wp-json\/wp\/v2\/pages\/27\/revisions"}],"predecessor-version":[{"id":334,"href":"https:\/\/locagite-pays-basque.fr\/index.php\/wp-json\/wp\/v2\/pages\/27\/revisions\/334"}],"wp:attachment":[{"href":"https:\/\/locagite-pays-basque.fr\/index.php\/wp-json\/wp\/v2\/media?parent=27"}],"curies":[{"name":"wp","href":"https:\/\/api.w.org\/{rel}","templated":true}]}}