{"id":23,"date":"2026-01-14T09:51:57","date_gmt":"2026-01-14T08:51:57","guid":{"rendered":"http:\/\/locagite-pays-basque.fr\/?page_id=23"},"modified":"2026-03-15T07:52:43","modified_gmt":"2026-03-15T06:52:43","slug":"avis-gite-louharechenia","status":"publish","type":"page","link":"https:\/\/locagite-pays-basque.fr\/index.php\/avis-gite-louharechenia\/","title":{"rendered":"Avis"},"content":{"rendered":"<p>[et_pb_section fb_built=\u00a0\u00bb1&Prime; _builder_version=\u00a0\u00bb4.27.5&Prime; _module_preset=\u00a0\u00bbdefault\u00a0\u00bb background_image=\u00a0\u00bbhttps:\/\/locagite-pays-basque.fr\/wp-content\/uploads\/2026\/01\/nature-1.jpg\u00a0\u00bb global_colors_info=\u00a0\u00bb{}\u00a0\u00bb][et_pb_row _builder_version=\u00a0\u00bb4.27.5&Prime; _module_preset=\u00a0\u00bbdefault\u00a0\u00bb global_colors_info=\u00a0\u00bb{}\u00a0\u00bb][et_pb_column type=\u00a0\u00bb4_4&Prime; _builder_version=\u00a0\u00bb4.27.5&Prime; _module_preset=\u00a0\u00bbdefault\u00a0\u00bb global_colors_info=\u00a0\u00bb{}\u00a0\u00bb][et_pb_divider show_divider=\u00a0\u00bboff\u00a0\u00bb _builder_version=\u00a0\u00bb4.27.5&Prime; _module_preset=\u00a0\u00bbdefault\u00a0\u00bb height=\u00a0\u00bb245px\u00a0\u00bb global_colors_info=\u00a0\u00bb{}\u00a0\u00bb][\/et_pb_divider][\/et_pb_column][\/et_pb_row][\/et_pb_section][et_pb_section fb_built=\u00a0\u00bb1&Prime; _builder_version=\u00a0\u00bb4.27.5&Prime; _module_preset=\u00a0\u00bbdefault\u00a0\u00bb bottom_divider_style=\u00a0\u00bbcurve\u00a0\u00bb bottom_divider_color=\u00a0\u00bb#0D5910&Prime; bottom_divider_height=\u00a0\u00bb50px\u00a0\u00bb global_colors_info=\u00a0\u00bb{}\u00a0\u00bb][et_pb_row _builder_version=\u00a0\u00bb4.27.5&Prime; _module_preset=\u00a0\u00bbdefault\u00a0\u00bb global_colors_info=\u00a0\u00bb{}\u00a0\u00bb][et_pb_column type=\u00a0\u00bb4_4&Prime; _builder_version=\u00a0\u00bb4.27.5&Prime; _module_preset=\u00a0\u00bbdefault\u00a0\u00bb global_colors_info=\u00a0\u00bb{}\u00a0\u00bb][et_pb_text _builder_version=\u00a0\u00bb4.27.5&Prime; _module_preset=\u00a0\u00bbdefault\u00a0\u00bb header_line_height=\u00a0\u00bb1.3em\u00a0\u00bb global_colors_info=\u00a0\u00bb{}\u00a0\u00bb]<\/p>\n<h1 style=\"text-align: center;\">Ils vous en parlent<\/h1>\n<p>[\/et_pb_text][dsm_card_carousel _builder_version=\u00a0\u00bb4.27.5&Prime; _module_preset=\u00a0\u00bbdefault\u00a0\u00bb hover_enabled=\u00a0\u00bb0&Prime; global_colors_info=\u00a0\u00bb{}\u00a0\u00bb speed=\u00a0\u00bb4000&Prime; autoplay_speed=\u00a0\u00bb5000&Prime; sticky_enabled=\u00a0\u00bb0&Prime;][dsm_card_carousel_child title=\u00a0\u00bbNicole et Pascal\u00a0\u00bb subtitle=\u00a0\u00bbJuin 2017&Prime; image_as_background=\u00a0\u00bboff\u00a0\u00bb badge_text=\u00a0\u00bbBadget Text\u00a0\u00bb button_url_new_window=\u00a0\u00bb1&Prime; _builder_version=\u00a0\u00bb4.27.5&Prime; _module_preset=\u00a0\u00bbdefault\u00a0\u00bb subhead_text_color=\u00a0\u00bb#0D5910&Prime; global_colors_info=\u00a0\u00bb{}\u00a0\u00bb parent_button=\u00a0\u00bboff\u00a0\u00bb parent_header_level=\u00a0\u00bbh4&Prime;]<\/p>\n<p>D\u00e9jeuner face \u00e0 la piscine, ce n\u2019est pas un r\u00eave mais une r\u00e9alit\u00e9. Location confortable et bien \u00e9quip\u00e9e. Sans compter un accueil au top et de bonnes adresses communiqu\u00e9es. Le Pays basque nous colle aux basques.<\/p>\n<p>[\/dsm_card_carousel_child][dsm_card_carousel_child title=\u00a0\u00bbAng\u00e9lique, Fr\u00e9d\u00e9ric, Estelle et Thomas\u00a0\u00bb subtitle=\u00a0\u00bbAo\u00fbt 2017&Prime; image_as_background=\u00a0\u00bboff\u00a0\u00bb badge_text=\u00a0\u00bbBadget Text\u00a0\u00bb button_url_new_window=\u00a0\u00bb1&Prime; _builder_version=\u00a0\u00bb4.27.5&Prime; _module_preset=\u00a0\u00bbdefault\u00a0\u00bb subhead_text_color=\u00a0\u00bb#0D5910&Prime; global_colors_info=\u00a0\u00bb{}\u00a0\u00bb parent_button=\u00a0\u00bboff\u00a0\u00bb parent_header_level=\u00a0\u00bbh4&Prime;]<\/p>\n<p>Isabelle et Denis nous ont r\u00e9serv\u00e9 un excellent accueil et on les remercie. La maison est extr\u00eamement confortable. La terrasse, la piscine, un vrai bonheur. Enfin la verdure et le cadre juste magnifique. Merci pour tour \u00e7a \u2026 et peut \u00eatre \u00e0 l\u2019\u00e9t\u00e9 prochain.<\/p>\n<p>[\/dsm_card_carousel_child][dsm_card_carousel_child title=\u00a0\u00bbFamille Hauss\u00a0\u00bb subtitle=\u00a0\u00bbJuillet 2018&Prime; image_as_background=\u00a0\u00bboff\u00a0\u00bb badge_text=\u00a0\u00bbBadget Text\u00a0\u00bb button_url_new_window=\u00a0\u00bb1&Prime; _builder_version=\u00a0\u00bb4.27.5&Prime; _module_preset=\u00a0\u00bbdefault\u00a0\u00bb subhead_text_color=\u00a0\u00bb#0D5910&Prime; global_colors_info=\u00a0\u00bb{}\u00a0\u00bb parent_button=\u00a0\u00bboff\u00a0\u00bb parent_header_level=\u00a0\u00bbh4&Prime;]<\/p>\n<p>En arrivant \u00e0 l\u2019entr\u00e9e de ce petit village, le d\u00e9paysement est d\u00e9j\u00e0 assur\u00e9. Lorsqu\u2019on pousse la porte de cette maison, un sentiment de bien-\u00eatre nous submerge. Incroyable vue sur la montagne, piscine, terrasse. Merci pour votre disponibilit\u00e9, vos bonnes adresses et votre sourire.<\/p>\n<p>[\/dsm_card_carousel_child][dsm_card_carousel_child title=\u00a0\u00bbSophie, Manu, Mathis et Th\u00e9o\u00a0\u00bb subtitle=\u00a0\u00bbAo\u00fbt 2018&Prime; image_as_background=\u00a0\u00bboff\u00a0\u00bb badge_text=\u00a0\u00bbBadget Text\u00a0\u00bb button_url_new_window=\u00a0\u00bb1&Prime; _builder_version=\u00a0\u00bb4.27.5&Prime; _module_preset=\u00a0\u00bbdefault\u00a0\u00bb subhead_text_color=\u00a0\u00bb#0D5910&Prime; global_colors_info=\u00a0\u00bb{}\u00a0\u00bb parent_button=\u00a0\u00bboff\u00a0\u00bb parent_header_level=\u00a0\u00bbh4&Prime;]<\/p>\n<p>Un grand merci pour votre accueil. Les prestations du g\u00eete sont excellentes. C\u2019est rare de trouver un g\u00eete comme celui-ci\u00a0! Merci pour tout, une adresse \u00e0 conserver pour une<br \/>prochaine escapade dans votre magnifique r\u00e9gion.<\/p>\n<p>[\/dsm_card_carousel_child][dsm_card_carousel_child title=\u00a0\u00bbFlorence et Laurent\u00a0\u00bb subtitle=\u00a0\u00bbSeptembre 2018&Prime; image_as_background=\u00a0\u00bboff\u00a0\u00bb badge_text=\u00a0\u00bbBadget Text\u00a0\u00bb button_url_new_window=\u00a0\u00bb1&Prime; _builder_version=\u00a0\u00bb4.27.5&Prime; _module_preset=\u00a0\u00bbdefault\u00a0\u00bb subhead_text_color=\u00a0\u00bb#0D5910&Prime; global_colors_info=\u00a0\u00bb{}\u00a0\u00bb parent_button=\u00a0\u00bboff\u00a0\u00bb parent_header_level=\u00a0\u00bbh4&Prime;]<\/p>\n<p>Une semaine de r\u00eave dans ce Pays basque qui marie si bien mer et montagne. Beaucoup de balades mais chaque retour au g\u00eete \u00e9tait un vrai plaisir, comme rentrer \u00e0 sa maison. Car, tout est fait pour se sentir \u00ab\u00a0comme \u00e0 la maison\u00a0\u00bb. Un accueil sympathique, des prestations de<br \/>qualit\u00e9 dont on regrette en partant de ne pas avoir assez profit\u00e9. Tout cela pour dire qu\u2019un autre s\u00e9jour n\u2019est pas \u00e0 exclure pour profiter encore plus du gite de la piscine et de la terrasse.<\/p>\n<p>[\/dsm_card_carousel_child][dsm_card_carousel_child title=\u00a0\u00bb-\u00a0\u00bb subtitle=\u00a0\u00bbAo\u00fbt 2020&Prime; image_as_background=\u00a0\u00bboff\u00a0\u00bb badge_text=\u00a0\u00bbBadget Text\u00a0\u00bb button_url_new_window=\u00a0\u00bb1&Prime; _builder_version=\u00a0\u00bb4.27.5&Prime; _module_preset=\u00a0\u00bbdefault\u00a0\u00bb subhead_text_color=\u00a0\u00bb#0D5910&Prime; global_colors_info=\u00a0\u00bb{}\u00a0\u00bb parent_button=\u00a0\u00bboff\u00a0\u00bb parent_header_level=\u00a0\u00bbh4&Prime;]<\/p>\n<p>Le g\u00eete est tr\u00e8s bien situ\u00e9 ce qui nous a permis de visiter une bonne partie du Pays basque.<br \/>G\u00eete parfaitement bien \u00e9quip\u00e9 et r\u00e9pondant \u00e0 nos crit\u00e8res. Nous avons \u00e9galement profit\u00e9 de la piscine. L\u2019accueil des propri\u00e9taires fut tr\u00e8s satisfaisant. Nous recommandons.<\/p>\n<p>[\/dsm_card_carousel_child][dsm_card_carousel_child title=\u00a0\u00bbSophie, Manu, Mathis et Th\u00e9o\u00a0\u00bb subtitle=\u00a0\u00bbJuillet 2022&Prime; image_as_background=\u00a0\u00bboff\u00a0\u00bb badge_text=\u00a0\u00bbBadget Text\u00a0\u00bb button_url_new_window=\u00a0\u00bb1&Prime; _builder_version=\u00a0\u00bb4.27.5&Prime; _module_preset=\u00a0\u00bbdefault\u00a0\u00bb subhead_text_color=\u00a0\u00bb#0D5910&Prime; global_colors_info=\u00a0\u00bb{}\u00a0\u00bb parent_button=\u00a0\u00bboff\u00a0\u00bb parent_header_level=\u00a0\u00bbh4&Prime;]<\/p>\n<p>Votre g\u00eete est toujours aussi agr\u00e9able. Encore un grand merci pour votre accueil. Nous appr\u00e9cions toujours autant votre belle r\u00e9gion<\/p>\n<p>[\/dsm_card_carousel_child][dsm_card_carousel_child title=\u00a0\u00bbSattia et Maxence\u00a0\u00bb subtitle=\u00a0\u00bbSeptembre 2022&Prime; image_as_background=\u00a0\u00bboff\u00a0\u00bb badge_text=\u00a0\u00bbBadget Text\u00a0\u00bb button_url_new_window=\u00a0\u00bb1&Prime; _builder_version=\u00a0\u00bb4.27.5&Prime; _module_preset=\u00a0\u00bbdefault\u00a0\u00bb subhead_text_color=\u00a0\u00bb#0D5910&Prime; global_colors_info=\u00a0\u00bb{}\u00a0\u00bb parent_button=\u00a0\u00bboff\u00a0\u00bb parent_header_level=\u00a0\u00bbh4&Prime;]<\/p>\n<p>Super s\u00e9jour, merci pour l\u2019accueil mais aussi pour vos conseils ! Il y a vraiment tout ce qu\u2019il faut \u00e0 disposition et c\u2019est un vrai plaisir de rentrer chaque jour comme \u00e0 la maison mais dans un cadre de r\u00eave\u00a0!!! Nous vous recommanderons avec plaisir.<\/p>\n<p>[\/dsm_card_carousel_child][dsm_card_carousel_child title=\u00a0\u00bbAur\u00e9lie, Fabien et Sacha\u00a0\u00bb subtitle=\u00a0\u00bbAo\u00fbt 2023&Prime; image_as_background=\u00a0\u00bboff\u00a0\u00bb badge_text=\u00a0\u00bbBadget Text\u00a0\u00bb button_url_new_window=\u00a0\u00bb1&Prime; _builder_version=\u00a0\u00bb4.27.5&Prime; _module_preset=\u00a0\u00bbdefault\u00a0\u00bb subhead_text_color=\u00a0\u00bb#0D5910&Prime; global_colors_info=\u00a0\u00bb{}\u00a0\u00bb parent_button=\u00a0\u00bboff\u00a0\u00bb parent_header_level=\u00a0\u00bbh4&Prime;]<\/p>\n<p>G\u00eete id\u00e9alement situ\u00e9 afin de d\u00e9couvrir le Pays basque. La piscine est tr\u00e8s agr\u00e9able apr\u00e8s une journ\u00e9e de balade, notre fils a ador\u00e9. Merci pour votre accueil et vos conseils. A bient\u00f4t peut \u00eatre\u2026<\/p>\n<p>[\/dsm_card_carousel_child][dsm_card_carousel_child title=\u00a0\u00bbFeli, Miquel y Dario\u00a0\u00bb subtitle=\u00a0\u00bbNovembre 2024&Prime; image_as_background=\u00a0\u00bboff\u00a0\u00bb badge_text=\u00a0\u00bbBadget Text\u00a0\u00bb button_url_new_window=\u00a0\u00bb1&Prime; _builder_version=\u00a0\u00bb4.27.5&Prime; _module_preset=\u00a0\u00bbdefault\u00a0\u00bb subhead_text_color=\u00a0\u00bb#0D5910&Prime; global_colors_info=\u00a0\u00bb{}\u00a0\u00bb parent_button=\u00a0\u00bboff\u00a0\u00bb parent_header_level=\u00a0\u00bbh4&Prime;]<\/p>\n<p>Muchas gracias por vuestra hospitalidad. Hemos pasado unos d\u00edas fant\u00e1sticos en vuestra casa. Esperamos tener la ocasi\u00f3n de repetir en muchas mas oportunidades.<\/p>\n<p>[\/dsm_card_carousel_child][dsm_card_carousel_child title=\u00a0\u00bbFiona &#038;Burgess from Scotland\u00a0\u00bb subtitle=\u00a0\u00bbMai 2025&Prime; image_as_background=\u00a0\u00bboff\u00a0\u00bb badge_text=\u00a0\u00bbBadget Text\u00a0\u00bb button_url_new_window=\u00a0\u00bb1&Prime; _builder_version=\u00a0\u00bb4.27.5&Prime; _module_preset=\u00a0\u00bbdefault\u00a0\u00bb subhead_text_color=\u00a0\u00bb#0D5910&Prime; global_colors_info=\u00a0\u00bb{}\u00a0\u00bb parent_button=\u00a0\u00bboff\u00a0\u00bb parent_header_level=\u00a0\u00bbh4&Prime;]<\/p>\n<p>Have enjoyed our time in this beautiful basque country. Great hosts and a very comfortable gite. The garden is full of wildlife, and the pool is perfect ! Hope to come back some day.<\/p>\n<p>[\/dsm_card_carousel_child][dsm_card_carousel_child title=\u00a0\u00bbFamille Bonnefoy\u00a0\u00bb subtitle=\u00a0\u00bbJuillet 2025&Prime; image_as_background=\u00a0\u00bboff\u00a0\u00bb badge_text=\u00a0\u00bbBadget Text\u00a0\u00bb button_url_new_window=\u00a0\u00bb1&Prime; _builder_version=\u00a0\u00bb4.27.5&Prime; _module_preset=\u00a0\u00bbdefault\u00a0\u00bb subhead_text_color=\u00a0\u00bb#0D5910&Prime; global_colors_info=\u00a0\u00bb{}\u00a0\u00bb parent_button=\u00a0\u00bboff\u00a0\u00bb parent_header_level=\u00a0\u00bbh4&Prime;]<\/p>\n<p>Un grand merci \u00e0 nos h\u00f4tes pour leur accueil et leur disponibilit\u00e9. Il s\u2019agissait pour nous de notre 2 \u00e8me s\u00e9jour, 2 semaines cons\u00e9cutives. A chaque fois, nous nous sommes sentis comme \u00e0 la maison. Ce jardin luxuriant, cette piscine rafraichissante o\u00f9 nous avons pass\u00e9<br \/>d\u2019excellentes moments. Bonne continuation.<\/p>\n<p>[\/dsm_card_carousel_child][\/dsm_card_carousel][\/et_pb_column][\/et_pb_row][\/et_pb_section]<\/p>\n","protected":false},"excerpt":{"rendered":"<p>Ils vous en parlent<div class=\"et_pb_module dsm_card_carousel dsm_card_carousel_0 dsm_card_carousel_layout_stacked  dsm_card_carousel_arrow_outside dsm_card_carousel_arrow_mobile_inside\">\n\t\t\t\t\n\t\t\t\t\n\t\t\t\t\n\t\t\t\t\n\t\t\t\t\n\t\t\t\t\n\t\t\t\t<div class=\"et_pb_module_inner\">\n\t\t\t\t\t\n\t\t\t\n\t\t\t<div class=\"swiper-container dsm_card_carousel_wrapper\" dir=\"ltr\" data-params=\"[{&quot;direction&quot;:&quot;horizontal&quot;,&quot;effect&quot;:&quot;default&quot;,&quot;slider_effect_shadows&quot;:false,&quot;slider_effect_coverflow_rotate&quot;:&quot;30&quot;,&quot;slider_effect_coverflow_depth&quot;:&quot;0&quot;,&quot;loop&quot;:true,&quot;infinite_smooth_scrolling&quot;:false,&quot;slide_to_show&quot;:&quot;3&quot;,&quot;slide_to_show_tablet&quot;:&quot;1&quot;,&quot;slide_to_show_phone&quot;:&quot;1&quot;,&quot;slide_to_scroll&quot;:&quot;1&quot;,&quot;slide_to_scroll_tablet&quot;:&quot;1&quot;,&quot;slide_to_scroll_phone&quot;:&quot;1&quot;,&quot;space_between&quot;:&quot;15&quot;,&quot;space_between_tablet&quot;:&quot;15&quot;,&quot;space_between_phone&quot;:&quot;15&quot;,&quot;centered_slides&quot;:false,&quot;multiple_slide_row&quot;:&quot;off&quot;,&quot;slide_row&quot;:&quot;1&quot;,&quot;slide_row_tablet&quot;:&quot;1&quot;,&quot;slide_row_phone&quot;:&quot;1&quot;,&quot;speed&quot;:&quot;4000&quot;,&quot;autoplay&quot;:true,&quot;autoplay_speed&quot;:&quot;5000&quot;,&quot;autoplay_viewport&quot;:&quot;80%&quot;,&quot;touch_move&quot;:true,&quot;grab&quot;:true,&quot;pause_on_hover&quot;:false,&quot;mousewheel&quot;:false,&quot;auto_height&quot;:true,&quot;equal_height&quot;:true,&quot;equal_height_tablet&quot;:true,&quot;equal_height_phone&quot;:true}]\">\n\t\t\t<div class=\"swiper-wrapper\"><\/div>\n\t\t\t<\/div><div class=\"swiper-button-prev dsm_card_carousel_arrow\" data-icon=\"4\"><\/div><div class=\"swiper-button-next dsm_card_carousel_arrow\" data-icon=\"5\"><\/div><div class=\"swiper-pagination dsm_card_carousel_pagination\"><\/div>\n\t\t\t\t<\/div>\n\t\t\t<\/div><div class=\"dsm_card_carousel_child dsm_card_carousel_child_0 swiper-slide\">\n\t\t\t\t\n\t\t\t\t\n\t\t\t\t\n\t\t\t\t\n\t\t\t\t\n\t\t\t\t\n\t\t\t\t<div class=\"et_pb_module_inner\">\n\t\t\t\t\t\n\t\t\t\n\t\t\t\n\t\t\t<div class=\"dsm_card_wrapper et_pb_text_align_left et_pb_bg_layout_light\">\n\t\t\t\t\t<h4 class=\"dsm_card_title et_pb_module_header\">Nicole et Pascal<\/h4>\n\t\t\t\t\t<div class=\"dsm_card_carousel_child_subtitle\">Juin 2017<\/div>\n\t\t\t\t\t<div class=\"dsm_card_carousel_child_description\">D\u00e9jeuner face \u00e0 la piscine, ce n\u2019est pas un r\u00eave mais une r\u00e9alit\u00e9. Location confortable et bien \u00e9quip\u00e9e. Sans compter un accueil au top et de bonnes adresses communiqu\u00e9es. Le Pays basque nous colle aux basques.<\/div>\n\t\t\t\t\t\n\t\t\t\t<\/div>\n\t\t\t\t<\/div>\n\t\t\t<\/div><div class=\"dsm_card_carousel_child dsm_card_carousel_child_1 swiper-slide\">\n\t\t\t\t\n\t\t\t\t\n\t\t\t\t\n\t\t\t\t\n\t\t\t\t\n\t\t\t\t\n\t\t\t\t<div class=\"et_pb_module_inner\">\n\t\t\t\t\t\n\t\t\t\n\t\t\t\n\t\t\t<div class=\"dsm_card_wrapper et_pb_text_align_left et_pb_bg_layout_light\">\n\t\t\t\t\t<h4 class=\"dsm_card_title et_pb_module_header\">Ang\u00e9lique, Fr\u00e9d\u00e9ric, Estelle et Thomas<\/h4>\n\t\t\t\t\t<div class=\"dsm_card_carousel_child_subtitle\">Ao\u00fbt 2017<\/div>\n\t\t\t\t\t<div class=\"dsm_card_carousel_child_description\">Isabelle et Denis nous ont r\u00e9serv\u00e9 un excellent accueil et on les remercie. La maison est extr\u00eamement confortable. La terrasse, la piscine, un vrai bonheur. Enfin la verdure et le cadre juste magnifique. Merci pour tour \u00e7a \u2026 et peut \u00eatre \u00e0 l\u2019\u00e9t\u00e9 prochain.<\/div>\n\t\t\t\t\t\n\t\t\t\t<\/div>\n\t\t\t\t<\/div>\n\t\t\t<\/div><div class=\"dsm_card_carousel_child dsm_card_carousel_child_2 swiper-slide\">\n\t\t\t\t\n\t\t\t\t\n\t\t\t\t\n\t\t\t\t\n\t\t\t\t\n\t\t\t\t\n\t\t\t\t<div class=\"et_pb_module_inner\">\n\t\t\t\t\t\n\t\t\t\n\t\t\t\n\t\t\t<div class=\"dsm_card_wrapper et_pb_text_align_left et_pb_bg_layout_light\">\n\t\t\t\t\t<h4 class=\"dsm_card_title et_pb_module_header\">Famille Hauss<\/h4>\n\t\t\t\t\t<div class=\"dsm_card_carousel_child_subtitle\">Juillet 2018<\/div>\n\t\t\t\t\t<div class=\"dsm_card_carousel_child_description\">En arrivant \u00e0 l\u2019entr\u00e9e de ce petit village, le d\u00e9paysement est d\u00e9j\u00e0 assur\u00e9. Lorsqu\u2019on pousse la porte de cette maison, un sentiment de bien-\u00eatre nous submerge. Incroyable vue sur la montagne, piscine, terrasse. Merci pour votre disponibilit\u00e9, vos bonnes adresses et votre sourire.<\/div>\n\t\t\t\t\t\n\t\t\t\t<\/div>\n\t\t\t\t<\/div>\n\t\t\t<\/div><div class=\"dsm_card_carousel_child dsm_card_carousel_child_3 swiper-slide\">\n\t\t\t\t\n\t\t\t\t\n\t\t\t\t\n\t\t\t\t\n\t\t\t\t\n\t\t\t\t\n\t\t\t\t<div class=\"et_pb_module_inner\">\n\t\t\t\t\t\n\t\t\t\n\t\t\t\n\t\t\t<div class=\"dsm_card_wrapper et_pb_text_align_left et_pb_bg_layout_light\">\n\t\t\t\t\t<h4 class=\"dsm_card_title et_pb_module_header\">Sophie, Manu, Mathis et Th\u00e9o<\/h4>\n\t\t\t\t\t<div class=\"dsm_card_carousel_child_subtitle\">Ao\u00fbt 2018<\/div>\n\t\t\t\t\t\n\t\t\t\t\t\n\t\t\t\t<\/div>\n\t\t\t\t<\/div>\n\t\t\t<\/div>Un grand merci pour votre accueil. Les [&hellip;]<\/p>\n","protected":false},"author":2,"featured_media":0,"parent":0,"menu_order":0,"comment_status":"closed","ping_status":"closed","template":"","meta":{"_et_pb_use_builder":"on","_et_pb_old_content":"<!-- wp:divi\/placeholder \/-->","_et_gb_content_width":"","footnotes":""},"class_list":["post-23","page","type-page","status-publish","hentry"],"yoast_head":"<!-- This site is optimized with the Yoast SEO plugin v27.5 - https:\/\/yoast.com\/product\/yoast-seo-wordpress\/ -->\n<title>Avis - G\u00eete Louharechenia<\/title>\n<meta name=\"description\" content=\"D\u00e9couvrez les avis sur le g\u00eete Louharechenia. Un excellent moyen pour vous faire une id\u00e9e et vous donner envie de d\u00e9couvrir cette maison d&#039;invit\u00e9s, \u00e0 Villefranque.\" \/>\n<meta name=\"robots\" content=\"index, follow, max-snippet:-1, max-image-preview:large, max-video-preview:-1\" \/>\n<link rel=\"canonical\" href=\"https:\/\/locagite-pays-basque.fr\/index.php\/avis-gite-louharechenia\/\" \/>\n<meta property=\"og:locale\" content=\"fr_FR\" \/>\n<meta property=\"og:type\" content=\"article\" \/>\n<meta property=\"og:title\" content=\"Avis - G\u00eete Louharechenia\" \/>\n<meta property=\"og:description\" content=\"D\u00e9couvrez les avis sur le g\u00eete Louharechenia. Un excellent moyen pour vous faire une id\u00e9e et vous donner envie de d\u00e9couvrir cette maison d&#039;invit\u00e9s, \u00e0 Villefranque.\" \/>\n<meta property=\"og:url\" content=\"https:\/\/locagite-pays-basque.fr\/index.php\/avis-gite-louharechenia\/\" \/>\n<meta property=\"og:site_name\" content=\"WordPress\" \/>\n<meta property=\"article:modified_time\" content=\"2026-03-15T06:52:43+00:00\" \/>\n<meta property=\"og:image\" content=\"https:\/\/locagite-pays-basque.fr\/wp-content\/uploads\/2026\/04\/Photo-profile-Facebook.jpg\" \/>\n\t<meta property=\"og:image:width\" content=\"714\" \/>\n\t<meta property=\"og:image:height\" content=\"714\" \/>\n\t<meta property=\"og:image:type\" content=\"image\/jpeg\" \/>\n<meta name=\"twitter:card\" content=\"summary_large_image\" \/>\n<meta name=\"twitter:label1\" content=\"Dur\u00e9e de lecture estim\u00e9e\" \/>\n\t<meta name=\"twitter:data1\" content=\"3 minutes\" \/>\n<script type=\"application\/ld+json\" class=\"yoast-schema-graph\">{\"@context\":\"https:\\\/\\\/schema.org\",\"@graph\":[{\"@type\":\"WebPage\",\"@id\":\"https:\\\/\\\/locagite-pays-basque.fr\\\/index.php\\\/avis-gite-louharechenia\\\/\",\"url\":\"https:\\\/\\\/locagite-pays-basque.fr\\\/index.php\\\/avis-gite-louharechenia\\\/\",\"name\":\"Avis - G\u00eete Louharechenia\",\"isPartOf\":{\"@id\":\"https:\\\/\\\/locagite-pays-basque.fr\\\/#website\"},\"datePublished\":\"2026-01-14T08:51:57+00:00\",\"dateModified\":\"2026-03-15T06:52:43+00:00\",\"description\":\"D\u00e9couvrez les avis sur le g\u00eete Louharechenia. Un excellent moyen pour vous faire une id\u00e9e et vous donner envie de d\u00e9couvrir cette maison d'invit\u00e9s, \u00e0 Villefranque.\",\"breadcrumb\":{\"@id\":\"https:\\\/\\\/locagite-pays-basque.fr\\\/index.php\\\/avis-gite-louharechenia\\\/#breadcrumb\"},\"inLanguage\":\"fr-FR\",\"potentialAction\":[{\"@type\":\"ReadAction\",\"target\":[\"https:\\\/\\\/locagite-pays-basque.fr\\\/index.php\\\/avis-gite-louharechenia\\\/\"]}]},{\"@type\":\"BreadcrumbList\",\"@id\":\"https:\\\/\\\/locagite-pays-basque.fr\\\/index.php\\\/avis-gite-louharechenia\\\/#breadcrumb\",\"itemListElement\":[{\"@type\":\"ListItem\",\"position\":1,\"name\":\"Accueil\",\"item\":\"https:\\\/\\\/locagite-pays-basque.fr\\\/\"},{\"@type\":\"ListItem\",\"position\":2,\"name\":\"Avis\"}]},{\"@type\":\"WebSite\",\"@id\":\"https:\\\/\\\/locagite-pays-basque.fr\\\/#website\",\"url\":\"https:\\\/\\\/locagite-pays-basque.fr\\\/\",\"name\":\"Location g\u00eete Pays Basque\",\"description\":\"\",\"publisher\":{\"@id\":\"https:\\\/\\\/locagite-pays-basque.fr\\\/#organization\"},\"potentialAction\":[{\"@type\":\"SearchAction\",\"target\":{\"@type\":\"EntryPoint\",\"urlTemplate\":\"https:\\\/\\\/locagite-pays-basque.fr\\\/?s={search_term_string}\"},\"query-input\":{\"@type\":\"PropertyValueSpecification\",\"valueRequired\":true,\"valueName\":\"search_term_string\"}}],\"inLanguage\":\"fr-FR\"},{\"@type\":\"Organization\",\"@id\":\"https:\\\/\\\/locagite-pays-basque.fr\\\/#organization\",\"name\":\"Location g\u00eete Pays Basque\",\"url\":\"https:\\\/\\\/locagite-pays-basque.fr\\\/\",\"logo\":{\"@type\":\"ImageObject\",\"inLanguage\":\"fr-FR\",\"@id\":\"https:\\\/\\\/locagite-pays-basque.fr\\\/#\\\/schema\\\/logo\\\/image\\\/\",\"url\":\"https:\\\/\\\/locagite-pays-basque.fr\\\/wp-content\\\/uploads\\\/2026\\\/04\\\/Photo-profile-Facebook.jpg\",\"contentUrl\":\"https:\\\/\\\/locagite-pays-basque.fr\\\/wp-content\\\/uploads\\\/2026\\\/04\\\/Photo-profile-Facebook.jpg\",\"width\":714,\"height\":714,\"caption\":\"Location g\u00eete Pays Basque\"},\"image\":{\"@id\":\"https:\\\/\\\/locagite-pays-basque.fr\\\/#\\\/schema\\\/logo\\\/image\\\/\"}}]}<\/script>\n<!-- \/ Yoast SEO plugin. -->","yoast_head_json":{"title":"Avis - G\u00eete Louharechenia","description":"D\u00e9couvrez les avis sur le g\u00eete Louharechenia. Un excellent moyen pour vous faire une id\u00e9e et vous donner envie de d\u00e9couvrir cette maison d'invit\u00e9s, \u00e0 Villefranque.","robots":{"index":"index","follow":"follow","max-snippet":"max-snippet:-1","max-image-preview":"max-image-preview:large","max-video-preview":"max-video-preview:-1"},"canonical":"https:\/\/locagite-pays-basque.fr\/index.php\/avis-gite-louharechenia\/","og_locale":"fr_FR","og_type":"article","og_title":"Avis - G\u00eete Louharechenia","og_description":"D\u00e9couvrez les avis sur le g\u00eete Louharechenia. Un excellent moyen pour vous faire une id\u00e9e et vous donner envie de d\u00e9couvrir cette maison d'invit\u00e9s, \u00e0 Villefranque.","og_url":"https:\/\/locagite-pays-basque.fr\/index.php\/avis-gite-louharechenia\/","og_site_name":"WordPress","article_modified_time":"2026-03-15T06:52:43+00:00","og_image":[{"width":714,"height":714,"url":"https:\/\/locagite-pays-basque.fr\/wp-content\/uploads\/2026\/04\/Photo-profile-Facebook.jpg","type":"image\/jpeg"}],"twitter_card":"summary_large_image","twitter_misc":{"Dur\u00e9e de lecture estim\u00e9e":"3 minutes"},"schema":{"@context":"https:\/\/schema.org","@graph":[{"@type":"WebPage","@id":"https:\/\/locagite-pays-basque.fr\/index.php\/avis-gite-louharechenia\/","url":"https:\/\/locagite-pays-basque.fr\/index.php\/avis-gite-louharechenia\/","name":"Avis - G\u00eete Louharechenia","isPartOf":{"@id":"https:\/\/locagite-pays-basque.fr\/#website"},"datePublished":"2026-01-14T08:51:57+00:00","dateModified":"2026-03-15T06:52:43+00:00","description":"D\u00e9couvrez les avis sur le g\u00eete Louharechenia. Un excellent moyen pour vous faire une id\u00e9e et vous donner envie de d\u00e9couvrir cette maison d'invit\u00e9s, \u00e0 Villefranque.","breadcrumb":{"@id":"https:\/\/locagite-pays-basque.fr\/index.php\/avis-gite-louharechenia\/#breadcrumb"},"inLanguage":"fr-FR","potentialAction":[{"@type":"ReadAction","target":["https:\/\/locagite-pays-basque.fr\/index.php\/avis-gite-louharechenia\/"]}]},{"@type":"BreadcrumbList","@id":"https:\/\/locagite-pays-basque.fr\/index.php\/avis-gite-louharechenia\/#breadcrumb","itemListElement":[{"@type":"ListItem","position":1,"name":"Accueil","item":"https:\/\/locagite-pays-basque.fr\/"},{"@type":"ListItem","position":2,"name":"Avis"}]},{"@type":"WebSite","@id":"https:\/\/locagite-pays-basque.fr\/#website","url":"https:\/\/locagite-pays-basque.fr\/","name":"Location g\u00eete Pays Basque","description":"","publisher":{"@id":"https:\/\/locagite-pays-basque.fr\/#organization"},"potentialAction":[{"@type":"SearchAction","target":{"@type":"EntryPoint","urlTemplate":"https:\/\/locagite-pays-basque.fr\/?s={search_term_string}"},"query-input":{"@type":"PropertyValueSpecification","valueRequired":true,"valueName":"search_term_string"}}],"inLanguage":"fr-FR"},{"@type":"Organization","@id":"https:\/\/locagite-pays-basque.fr\/#organization","name":"Location g\u00eete Pays Basque","url":"https:\/\/locagite-pays-basque.fr\/","logo":{"@type":"ImageObject","inLanguage":"fr-FR","@id":"https:\/\/locagite-pays-basque.fr\/#\/schema\/logo\/image\/","url":"https:\/\/locagite-pays-basque.fr\/wp-content\/uploads\/2026\/04\/Photo-profile-Facebook.jpg","contentUrl":"https:\/\/locagite-pays-basque.fr\/wp-content\/uploads\/2026\/04\/Photo-profile-Facebook.jpg","width":714,"height":714,"caption":"Location g\u00eete Pays Basque"},"image":{"@id":"https:\/\/locagite-pays-basque.fr\/#\/schema\/logo\/image\/"}}]}},"_links":{"self":[{"href":"https:\/\/locagite-pays-basque.fr\/index.php\/wp-json\/wp\/v2\/pages\/23","targetHints":{"allow":["GET"]}}],"collection":[{"href":"https:\/\/locagite-pays-basque.fr\/index.php\/wp-json\/wp\/v2\/pages"}],"about":[{"href":"https:\/\/locagite-pays-basque.fr\/index.php\/wp-json\/wp\/v2\/types\/page"}],"author":[{"embeddable":true,"href":"https:\/\/locagite-pays-basque.fr\/index.php\/wp-json\/wp\/v2\/users\/2"}],"replies":[{"embeddable":true,"href":"https:\/\/locagite-pays-basque.fr\/index.php\/wp-json\/wp\/v2\/comments?post=23"}],"version-history":[{"count":7,"href":"https:\/\/locagite-pays-basque.fr\/index.php\/wp-json\/wp\/v2\/pages\/23\/revisions"}],"predecessor-version":[{"id":422,"href":"https:\/\/locagite-pays-basque.fr\/index.php\/wp-json\/wp\/v2\/pages\/23\/revisions\/422"}],"wp:attachment":[{"href":"https:\/\/locagite-pays-basque.fr\/index.php\/wp-json\/wp\/v2\/media?parent=23"}],"curies":[{"name":"wp","href":"https:\/\/api.w.org\/{rel}","templated":true}]}}