{"id":188,"date":"2026-01-14T17:02:35","date_gmt":"2026-01-14T16:02:35","guid":{"rendered":"http:\/\/locagite-pays-basque.fr\/?page_id=188"},"modified":"2026-02-01T16:11:54","modified_gmt":"2026-02-01T15:11:54","slug":"hacer","status":"publish","type":"page","link":"https:\/\/locagite-pays-basque.fr\/index.php\/es\/hacer\/","title":{"rendered":"Hacer"},"content":{"rendered":"<p>[et_pb_section fb_built=\u00a0\u00bb1&Prime; _builder_version=\u00a0\u00bb4.27.5&Prime; _module_preset=\u00a0\u00bbdefault\u00a0\u00bb background_image=\u00a0\u00bbhttps:\/\/locagite-pays-basque.fr\/wp-content\/uploads\/2026\/02\/Randonnee-GR10-Ainhoa-001-\u00a9AADT64-Gaillard-Munsch.jpg\u00a0\u00bb hover_enabled=\u00a0\u00bb0&Prime; global_colors_info=\u00a0\u00bb{}\u00a0\u00bb title_text=\u00a0\u00bbRandonnee-GR10-Ainhoa-001-\u00a9AADT64-Gaillard-Munsch\u00a0\u00bb sticky_enabled=\u00a0\u00bb0&Prime;][et_pb_row _builder_version=\u00a0\u00bb4.27.5&Prime; _module_preset=\u00a0\u00bbdefault\u00a0\u00bb global_colors_info=\u00a0\u00bb{}\u00a0\u00bb][et_pb_column type=\u00a0\u00bb4_4&Prime; _builder_version=\u00a0\u00bb4.27.5&Prime; _module_preset=\u00a0\u00bbdefault\u00a0\u00bb global_colors_info=\u00a0\u00bb{}\u00a0\u00bb][et_pb_divider show_divider=\u00a0\u00bboff\u00a0\u00bb _builder_version=\u00a0\u00bb4.27.5&Prime; _module_preset=\u00a0\u00bbdefault\u00a0\u00bb height=\u00a0\u00bb245px\u00a0\u00bb global_colors_info=\u00a0\u00bb{}\u00a0\u00bb][\/et_pb_divider][\/et_pb_column][\/et_pb_row][\/et_pb_section][et_pb_section fb_built=\u00a0\u00bb1&Prime; _builder_version=\u00a0\u00bb4.27.5&Prime; _module_preset=\u00a0\u00bbdefault\u00a0\u00bb bottom_divider_style=\u00a0\u00bbcurve\u00a0\u00bb bottom_divider_color=\u00a0\u00bb#0D5910&Prime; bottom_divider_height=\u00a0\u00bb50px\u00a0\u00bb global_colors_info=\u00a0\u00bb{}\u00a0\u00bb][et_pb_row _builder_version=\u00a0\u00bb4.27.5&Prime; _module_preset=\u00a0\u00bbdefault\u00a0\u00bb global_colors_info=\u00a0\u00bb{}\u00a0\u00bb][et_pb_column type=\u00a0\u00bb4_4&Prime; _builder_version=\u00a0\u00bb4.27.5&Prime; _module_preset=\u00a0\u00bbdefault\u00a0\u00bb global_colors_info=\u00a0\u00bb{}\u00a0\u00bb][et_pb_text _builder_version=\u00a0\u00bb4.27.5&Prime; _module_preset=\u00a0\u00bbdefault\u00a0\u00bb header_text_align=\u00a0\u00bbcenter\u00a0\u00bb global_colors_info=\u00a0\u00bb{}\u00a0\u00bb]<\/p>\n<h1>Algunas ideas para visitar los alrededores de Villefranque<\/h1>\n<p>[\/et_pb_text][et_pb_text _builder_version=\u00a0\u00bb4.27.5&Prime; _module_preset=\u00a0\u00bbdefault\u00a0\u00bb global_colors_info=\u00a0\u00bb{}\u00a0\u00bb]<\/p>\n<p style=\"text-align: center;\"><a href=\"https:\/\/www.paysbasque.net\/\" target=\"_blank\" rel=\"noopener\" title=\"haga clic aqu\u00ed\">haga clic aqu\u00ed\u00a0 \u00a0<\/a>para a\u00fan m\u00e1s ideas para descubrir nuestra regi\u00f3n<\/p>\n<p>[\/et_pb_text][\/et_pb_column][\/et_pb_row][et_pb_row use_custom_gutter=\u00a0\u00bbon\u00a0\u00bb _builder_version=\u00a0\u00bb4.27.5&Prime; _module_preset=\u00a0\u00bbdefault\u00a0\u00bb width=\u00a0\u00bb100%\u00a0\u00bb max_width=\u00a0\u00bb1278px\u00a0\u00bb global_colors_info=\u00a0\u00bb{}\u00a0\u00bb][et_pb_column type=\u00a0\u00bb4_4&Prime; _builder_version=\u00a0\u00bb4.27.5&Prime; _module_preset=\u00a0\u00bbdefault\u00a0\u00bb global_colors_info=\u00a0\u00bb{}\u00a0\u00bb][et_pb_gallery gallery_ids=\u00a0\u00bb107,110,109,117&Prime; show_pagination=\u00a0\u00bboff\u00a0\u00bb _builder_version=\u00a0\u00bb4.27.5&Prime; _module_preset=\u00a0\u00bbdefault\u00a0\u00bb global_colors_info=\u00a0\u00bb{}\u00a0\u00bb][\/et_pb_gallery][et_pb_gallery gallery_ids=\u00a0\u00bb111,112&Prime; posts_number=\u00a0\u00bb2&Prime; _builder_version=\u00a0\u00bb4.27.5&Prime; _module_preset=\u00a0\u00bbdefault\u00a0\u00bb global_colors_info=\u00a0\u00bb{}\u00a0\u00bb][\/et_pb_gallery][et_pb_gallery gallery_ids=\u00a0\u00bb116,115,114,113&Prime; _builder_version=\u00a0\u00bb4.27.5&Prime; _module_preset=\u00a0\u00bbdefault\u00a0\u00bb global_colors_info=\u00a0\u00bb{}\u00a0\u00bb][\/et_pb_gallery][\/et_pb_column][\/et_pb_row][\/et_pb_section][et_pb_section fb_built=\u00a0\u00bb1&Prime; _builder_version=\u00a0\u00bb4.27.5&Prime; _module_preset=\u00a0\u00bbdefault\u00a0\u00bb global_colors_info=\u00a0\u00bb{}\u00a0\u00bb][et_pb_row _builder_version=\u00a0\u00bb4.27.5&Prime; _module_preset=\u00a0\u00bbdefault\u00a0\u00bb global_colors_info=\u00a0\u00bb{}\u00a0\u00bb][et_pb_column type=\u00a0\u00bb4_4&Prime; _builder_version=\u00a0\u00bb4.27.5&Prime; _module_preset=\u00a0\u00bbdefault\u00a0\u00bb global_colors_info=\u00a0\u00bb{}\u00a0\u00bb][et_pb_text _builder_version=\u00a0\u00bb4.27.5&Prime; _module_preset=\u00a0\u00bbdefault\u00a0\u00bb global_colors_info=\u00a0\u00bb{}\u00a0\u00bb]<\/p>\n<h2 style=\"text-align: center;\">Algunas ideas de actividades en el Pa\u00eds Vasco<\/h2>\n<p>[\/et_pb_text][\/et_pb_column][\/et_pb_row][et_pb_row _builder_version=\u00a0\u00bb4.27.5&Prime; _module_preset=\u00a0\u00bbdefault\u00a0\u00bb global_colors_info=\u00a0\u00bb{}\u00a0\u00bb][et_pb_column type=\u00a0\u00bb4_4&Prime; _builder_version=\u00a0\u00bb4.27.5&Prime; _module_preset=\u00a0\u00bbdefault\u00a0\u00bb global_colors_info=\u00a0\u00bb{}\u00a0\u00bb][et_pb_gallery gallery_ids=\u00a0\u00bb135,137,136,138&Prime; _builder_version=\u00a0\u00bb4.27.5&Prime; _module_preset=\u00a0\u00bbdefault\u00a0\u00bb global_colors_info=\u00a0\u00bb{}\u00a0\u00bb][\/et_pb_gallery][\/et_pb_column][\/et_pb_row][\/et_pb_section]<\/p>\n","protected":false},"excerpt":{"rendered":"<p>Algunas ideas para visitar los alrededores de Villefranquehaga clic aqu\u00ed\u00a0 \u00a0para a\u00fan m\u00e1s ideas para descubrir nuestra regi\u00f3nAlgunas ideas de actividades en el Pa\u00eds Vasco<\/p>\n","protected":false},"author":2,"featured_media":0,"parent":0,"menu_order":0,"comment_status":"closed","ping_status":"closed","template":"","meta":{"_et_pb_use_builder":"on","_et_pb_old_content":"","_et_gb_content_width":"","footnotes":""},"class_list":["post-188","page","type-page","status-publish","hentry"],"yoast_head":"<!-- This site is optimized with the Yoast SEO plugin v27.5 - https:\/\/yoast.com\/product\/yoast-seo-wordpress\/ -->\n<title>Hacer % - WordPress<\/title>\n<meta name=\"robots\" content=\"index, follow, max-snippet:-1, max-image-preview:large, max-video-preview:-1\" \/>\n<link rel=\"canonical\" href=\"https:\/\/locagite-pays-basque.fr\/index.php\/es\/hacer\/\" \/>\n<meta property=\"og:locale\" content=\"fr_FR\" \/>\n<meta property=\"og:type\" content=\"article\" \/>\n<meta property=\"og:title\" content=\"Hacer % - WordPress\" \/>\n<meta property=\"og:description\" content=\"Algunas ideas para visitar los alrededores de Villefranquehaga clic aqu\u00ed\u00a0 \u00a0para a\u00fan m\u00e1s ideas para descubrir nuestra regi\u00f3nAlgunas ideas de actividades en el Pa\u00eds Vasco\" \/>\n<meta property=\"og:url\" content=\"https:\/\/locagite-pays-basque.fr\/index.php\/es\/hacer\/\" \/>\n<meta property=\"og:site_name\" content=\"WordPress\" \/>\n<meta property=\"article:modified_time\" content=\"2026-02-01T15:11:54+00:00\" \/>\n<meta property=\"og:image\" content=\"https:\/\/locagite-pays-basque.fr\/wp-content\/uploads\/2026\/04\/Photo-profile-Facebook.jpg\" \/>\n\t<meta property=\"og:image:width\" content=\"714\" \/>\n\t<meta property=\"og:image:height\" content=\"714\" \/>\n\t<meta property=\"og:image:type\" content=\"image\/jpeg\" \/>\n<meta name=\"twitter:card\" content=\"summary_large_image\" \/>\n<script type=\"application\/ld+json\" class=\"yoast-schema-graph\">{\"@context\":\"https:\\\/\\\/schema.org\",\"@graph\":[{\"@type\":\"WebPage\",\"@id\":\"https:\\\/\\\/locagite-pays-basque.fr\\\/index.php\\\/es\\\/hacer\\\/\",\"url\":\"https:\\\/\\\/locagite-pays-basque.fr\\\/index.php\\\/es\\\/hacer\\\/\",\"name\":\"Hacer % - WordPress\",\"isPartOf\":{\"@id\":\"https:\\\/\\\/locagite-pays-basque.fr\\\/#website\"},\"datePublished\":\"2026-01-14T16:02:35+00:00\",\"dateModified\":\"2026-02-01T15:11:54+00:00\",\"breadcrumb\":{\"@id\":\"https:\\\/\\\/locagite-pays-basque.fr\\\/index.php\\\/es\\\/hacer\\\/#breadcrumb\"},\"inLanguage\":\"fr-FR\",\"potentialAction\":[{\"@type\":\"ReadAction\",\"target\":[\"https:\\\/\\\/locagite-pays-basque.fr\\\/index.php\\\/es\\\/hacer\\\/\"]}]},{\"@type\":\"BreadcrumbList\",\"@id\":\"https:\\\/\\\/locagite-pays-basque.fr\\\/index.php\\\/es\\\/hacer\\\/#breadcrumb\",\"itemListElement\":[{\"@type\":\"ListItem\",\"position\":1,\"name\":\"Accueil\",\"item\":\"https:\\\/\\\/locagite-pays-basque.fr\\\/\"},{\"@type\":\"ListItem\",\"position\":2,\"name\":\"Hacer\"}]},{\"@type\":\"WebSite\",\"@id\":\"https:\\\/\\\/locagite-pays-basque.fr\\\/#website\",\"url\":\"https:\\\/\\\/locagite-pays-basque.fr\\\/\",\"name\":\"Location g\u00eete Pays Basque\",\"description\":\"\",\"publisher\":{\"@id\":\"https:\\\/\\\/locagite-pays-basque.fr\\\/#organization\"},\"potentialAction\":[{\"@type\":\"SearchAction\",\"target\":{\"@type\":\"EntryPoint\",\"urlTemplate\":\"https:\\\/\\\/locagite-pays-basque.fr\\\/?s={search_term_string}\"},\"query-input\":{\"@type\":\"PropertyValueSpecification\",\"valueRequired\":true,\"valueName\":\"search_term_string\"}}],\"inLanguage\":\"fr-FR\"},{\"@type\":\"Organization\",\"@id\":\"https:\\\/\\\/locagite-pays-basque.fr\\\/#organization\",\"name\":\"Location g\u00eete Pays Basque\",\"url\":\"https:\\\/\\\/locagite-pays-basque.fr\\\/\",\"logo\":{\"@type\":\"ImageObject\",\"inLanguage\":\"fr-FR\",\"@id\":\"https:\\\/\\\/locagite-pays-basque.fr\\\/#\\\/schema\\\/logo\\\/image\\\/\",\"url\":\"https:\\\/\\\/locagite-pays-basque.fr\\\/wp-content\\\/uploads\\\/2026\\\/04\\\/Photo-profile-Facebook.jpg\",\"contentUrl\":\"https:\\\/\\\/locagite-pays-basque.fr\\\/wp-content\\\/uploads\\\/2026\\\/04\\\/Photo-profile-Facebook.jpg\",\"width\":714,\"height\":714,\"caption\":\"Location g\u00eete Pays Basque\"},\"image\":{\"@id\":\"https:\\\/\\\/locagite-pays-basque.fr\\\/#\\\/schema\\\/logo\\\/image\\\/\"}}]}<\/script>\n<!-- \/ Yoast SEO plugin. -->","yoast_head_json":{"title":"Hacer % - WordPress","robots":{"index":"index","follow":"follow","max-snippet":"max-snippet:-1","max-image-preview":"max-image-preview:large","max-video-preview":"max-video-preview:-1"},"canonical":"https:\/\/locagite-pays-basque.fr\/index.php\/es\/hacer\/","og_locale":"fr_FR","og_type":"article","og_title":"Hacer % - WordPress","og_description":"Algunas ideas para visitar los alrededores de Villefranquehaga clic aqu\u00ed\u00a0 \u00a0para a\u00fan m\u00e1s ideas para descubrir nuestra regi\u00f3nAlgunas ideas de actividades en el Pa\u00eds Vasco","og_url":"https:\/\/locagite-pays-basque.fr\/index.php\/es\/hacer\/","og_site_name":"WordPress","article_modified_time":"2026-02-01T15:11:54+00:00","og_image":[{"width":714,"height":714,"url":"https:\/\/locagite-pays-basque.fr\/wp-content\/uploads\/2026\/04\/Photo-profile-Facebook.jpg","type":"image\/jpeg"}],"twitter_card":"summary_large_image","schema":{"@context":"https:\/\/schema.org","@graph":[{"@type":"WebPage","@id":"https:\/\/locagite-pays-basque.fr\/index.php\/es\/hacer\/","url":"https:\/\/locagite-pays-basque.fr\/index.php\/es\/hacer\/","name":"Hacer % - WordPress","isPartOf":{"@id":"https:\/\/locagite-pays-basque.fr\/#website"},"datePublished":"2026-01-14T16:02:35+00:00","dateModified":"2026-02-01T15:11:54+00:00","breadcrumb":{"@id":"https:\/\/locagite-pays-basque.fr\/index.php\/es\/hacer\/#breadcrumb"},"inLanguage":"fr-FR","potentialAction":[{"@type":"ReadAction","target":["https:\/\/locagite-pays-basque.fr\/index.php\/es\/hacer\/"]}]},{"@type":"BreadcrumbList","@id":"https:\/\/locagite-pays-basque.fr\/index.php\/es\/hacer\/#breadcrumb","itemListElement":[{"@type":"ListItem","position":1,"name":"Accueil","item":"https:\/\/locagite-pays-basque.fr\/"},{"@type":"ListItem","position":2,"name":"Hacer"}]},{"@type":"WebSite","@id":"https:\/\/locagite-pays-basque.fr\/#website","url":"https:\/\/locagite-pays-basque.fr\/","name":"Location g\u00eete Pays Basque","description":"","publisher":{"@id":"https:\/\/locagite-pays-basque.fr\/#organization"},"potentialAction":[{"@type":"SearchAction","target":{"@type":"EntryPoint","urlTemplate":"https:\/\/locagite-pays-basque.fr\/?s={search_term_string}"},"query-input":{"@type":"PropertyValueSpecification","valueRequired":true,"valueName":"search_term_string"}}],"inLanguage":"fr-FR"},{"@type":"Organization","@id":"https:\/\/locagite-pays-basque.fr\/#organization","name":"Location g\u00eete Pays Basque","url":"https:\/\/locagite-pays-basque.fr\/","logo":{"@type":"ImageObject","inLanguage":"fr-FR","@id":"https:\/\/locagite-pays-basque.fr\/#\/schema\/logo\/image\/","url":"https:\/\/locagite-pays-basque.fr\/wp-content\/uploads\/2026\/04\/Photo-profile-Facebook.jpg","contentUrl":"https:\/\/locagite-pays-basque.fr\/wp-content\/uploads\/2026\/04\/Photo-profile-Facebook.jpg","width":714,"height":714,"caption":"Location g\u00eete Pays Basque"},"image":{"@id":"https:\/\/locagite-pays-basque.fr\/#\/schema\/logo\/image\/"}}]}},"_links":{"self":[{"href":"https:\/\/locagite-pays-basque.fr\/index.php\/wp-json\/wp\/v2\/pages\/188","targetHints":{"allow":["GET"]}}],"collection":[{"href":"https:\/\/locagite-pays-basque.fr\/index.php\/wp-json\/wp\/v2\/pages"}],"about":[{"href":"https:\/\/locagite-pays-basque.fr\/index.php\/wp-json\/wp\/v2\/types\/page"}],"author":[{"embeddable":true,"href":"https:\/\/locagite-pays-basque.fr\/index.php\/wp-json\/wp\/v2\/users\/2"}],"replies":[{"embeddable":true,"href":"https:\/\/locagite-pays-basque.fr\/index.php\/wp-json\/wp\/v2\/comments?post=188"}],"version-history":[{"count":6,"href":"https:\/\/locagite-pays-basque.fr\/index.php\/wp-json\/wp\/v2\/pages\/188\/revisions"}],"predecessor-version":[{"id":347,"href":"https:\/\/locagite-pays-basque.fr\/index.php\/wp-json\/wp\/v2\/pages\/188\/revisions\/347"}],"wp:attachment":[{"href":"https:\/\/locagite-pays-basque.fr\/index.php\/wp-json\/wp\/v2\/media?parent=188"}],"curies":[{"name":"wp","href":"https:\/\/api.w.org\/{rel}","templated":true}]}}